{"id":103,"date":"2024-10-22T12:52:07","date_gmt":"2024-10-22T12:52:07","guid":{"rendered":"https:\/\/cea.ghost.uem.mz\/?page_id=103"},"modified":"2024-10-22T12:52:07","modified_gmt":"2024-10-22T12:52:07","slug":"conferencia","status":"publish","type":"page","link":"https:\/\/cea.uem.mz\/index.php\/conferencia\/","title":{"rendered":"Confer\u00eancia"},"content":{"rendered":"\t\t<div data-elementor-type=\"wp-page\" data-elementor-id=\"103\" class=\"elementor elementor-103\">\n\t\t\t\t<div class=\"elementor-element elementor-element-1a3ff96 e-flex e-con-boxed wpr-particle-no wpr-jarallax-no wpr-parallax-no wpr-sticky-section-no e-con e-parent\" data-id=\"1a3ff96\" data-element_type=\"container\">\n\t\t\t\t\t<div class=\"e-con-inner\">\n\t\t\t\t<div class=\"elementor-element elementor-element-912f34b elementor-widget elementor-widget-spacer\" data-id=\"912f34b\" data-element_type=\"widget\" data-widget_type=\"spacer.default\">\n\t\t\t\t\t\t\t<div class=\"elementor-spacer\">\n\t\t\t<div class=\"elementor-spacer-inner\"><\/div>\n\t\t<\/div>\n\t\t\t\t\t\t<\/div>\n\t\t\t\t\t<\/div>\n\t\t\t\t<\/div>\n\t\t<div class=\"elementor-element elementor-element-aa838bd e-flex e-con-boxed wpr-particle-no wpr-jarallax-no wpr-parallax-no wpr-sticky-section-no e-con e-parent\" data-id=\"aa838bd\" data-element_type=\"container\">\n\t\t\t\t\t<div class=\"e-con-inner\">\n\t\t\t\t<div class=\"elementor-element elementor-element-750a661 elementor-widget elementor-widget-heading\" data-id=\"750a661\" data-element_type=\"widget\" data-widget_type=\"heading.default\">\n\t\t\t\t\t<h2 class=\"elementor-heading-title elementor-size-default\">IV Confer\u00eancia Internacional do CEA<\/h2>\t\t\t\t<\/div>\n\t\t\t\t\t<\/div>\n\t\t\t\t<\/div>\n\t\t<div class=\"elementor-element elementor-element-241e6bd e-flex e-con-boxed wpr-particle-no wpr-jarallax-no wpr-parallax-no wpr-sticky-section-no e-con e-parent\" data-id=\"241e6bd\" data-element_type=\"container\">\n\t\t\t\t\t<div class=\"e-con-inner\">\n\t\t\t\t<div class=\"elementor-element elementor-element-df7fddc gallery-spacing-custom elementor-widget elementor-widget-image-gallery\" data-id=\"df7fddc\" data-element_type=\"widget\" data-widget_type=\"image-gallery.default\">\n\t\t\t\t\t\t\t<div class=\"elementor-image-gallery\">\n\t\t\t<div id='gallery-1' class='gallery galleryid-103 gallery-columns-4 gallery-size-thumbnail'><figure class='gallery-item'>\n\t\t\t<div class='gallery-icon portrait'>\n\t\t\t\t<a data-elementor-open-lightbox=\"yes\" data-elementor-lightbox-slideshow=\"df7fddc\" data-elementor-lightbox-title=\"cartaz\" data-e-action-hash=\"#elementor-action%3Aaction%3Dlightbox%26settings%3DeyJpZCI6NTA0LCJ1cmwiOiJodHRwczpcL1wvY2VhLnVlbS5telwvd3AtY29udGVudFwvdXBsb2Fkc1wvMjAyNFwvMTBcL2NhcnRhei1maW5hbC0yMDE3LXNjYWxlZC0xLmpwZyIsInNsaWRlc2hvdyI6ImRmN2ZkZGMifQ%3D%3D\" href='https:\/\/cea.uem.mz\/wp-content\/uploads\/2024\/10\/cartaz-final-2017-scaled-1.jpg'><img decoding=\"async\" width=\"150\" height=\"150\" src=\"https:\/\/cea.uem.mz\/wp-content\/uploads\/2024\/10\/cartaz-final-2017-scaled-1-150x150.jpg\" class=\"attachment-thumbnail size-thumbnail\" alt=\"\" \/><\/a>\n\t\t\t<\/div><\/figure>\n\t\t<\/div>\n\t\t<\/div>\n\t\t\t\t\t\t<\/div>\n\t\t\t\t<div class=\"elementor-element elementor-element-197c6c3 elementor-widget elementor-widget-heading\" data-id=\"197c6c3\" data-element_type=\"widget\" data-widget_type=\"heading.default\">\n\t\t\t\t\t<h2 class=\"elementor-heading-title elementor-size-default\">Conferencia sobre Identidades<\/h2>\t\t\t\t<\/div>\n\t\t\t\t\t<\/div>\n\t\t\t\t<\/div>\n\t\t<div class=\"elementor-element elementor-element-816e22d e-flex e-con-boxed wpr-particle-no wpr-jarallax-no wpr-parallax-no wpr-sticky-section-no e-con e-parent\" data-id=\"816e22d\" data-element_type=\"container\">\n\t\t\t\t\t<div class=\"e-con-inner\">\n\t\t\t\t<div class=\"elementor-element elementor-element-27a59f8 gallery-spacing-custom elementor-widget elementor-widget-image-gallery\" data-id=\"27a59f8\" data-element_type=\"widget\" data-widget_type=\"image-gallery.default\">\n\t\t\t\t\t\t\t<div class=\"elementor-image-gallery\">\n\t\t\t<div id='gallery-2' class='gallery galleryid-103 gallery-columns-3 gallery-size-thumbnail'><figure class='gallery-item'>\n\t\t\t<div class='gallery-icon landscape'>\n\t\t\t\t<a data-elementor-open-lightbox=\"yes\" data-elementor-lightbox-slideshow=\"27a59f8\" data-elementor-lightbox-title=\"Conferencia sobre Identidades\" data-e-action-hash=\"#elementor-action%3Aaction%3Dlightbox%26settings%3DeyJpZCI6MTAzNiwidXJsIjoiaHR0cHM6XC9cL2NlYS51ZW0ubXpcL3dwLWNvbnRlbnRcL3VwbG9hZHNcLzIwMjVcLzA2XC9Db25mZXJlbmNpYS1zb2JyZS1JZGVudGlkYWRlcy5qcGciLCJzbGlkZXNob3ciOiIyN2E1OWY4In0%3D\" href='https:\/\/cea.uem.mz\/wp-content\/uploads\/2025\/06\/Conferencia-sobre-Identidades.jpg'><img decoding=\"async\" width=\"150\" height=\"150\" src=\"https:\/\/cea.uem.mz\/wp-content\/uploads\/2025\/06\/Conferencia-sobre-Identidades-150x150.jpg\" class=\"attachment-thumbnail size-thumbnail\" alt=\"\" \/><\/a>\n\t\t\t<\/div><\/figure><figure class='gallery-item'>\n\t\t\t<div class='gallery-icon landscape'>\n\t\t\t\t<a data-elementor-open-lightbox=\"yes\" data-elementor-lightbox-slideshow=\"27a59f8\" data-elementor-lightbox-title=\"IMG-20230904-WA0033\" data-e-action-hash=\"#elementor-action%3Aaction%3Dlightbox%26settings%3DeyJpZCI6MTAzNywidXJsIjoiaHR0cHM6XC9cL2NlYS51ZW0ubXpcL3dwLWNvbnRlbnRcL3VwbG9hZHNcLzIwMjVcLzA2XC9JTUctMjAyMzA5MDQtV0EwMDMzLmpwZyIsInNsaWRlc2hvdyI6IjI3YTU5ZjgifQ%3D%3D\" href='https:\/\/cea.uem.mz\/wp-content\/uploads\/2025\/06\/IMG-20230904-WA0033.jpg'><img decoding=\"async\" width=\"150\" height=\"150\" src=\"https:\/\/cea.uem.mz\/wp-content\/uploads\/2025\/06\/IMG-20230904-WA0033-150x150.jpg\" class=\"attachment-thumbnail size-thumbnail\" alt=\"\" \/><\/a>\n\t\t\t<\/div><\/figure><figure class='gallery-item'>\n\t\t\t<div class='gallery-icon landscape'>\n\t\t\t\t<a data-elementor-open-lightbox=\"yes\" data-elementor-lightbox-slideshow=\"27a59f8\" data-elementor-lightbox-title=\"IMG-20230904-WA0037 (1)\" data-e-action-hash=\"#elementor-action%3Aaction%3Dlightbox%26settings%3DeyJpZCI6MTAzOCwidXJsIjoiaHR0cHM6XC9cL2NlYS51ZW0ubXpcL3dwLWNvbnRlbnRcL3VwbG9hZHNcLzIwMjVcLzA2XC9JTUctMjAyMzA5MDQtV0EwMDM3LTEuanBnIiwic2xpZGVzaG93IjoiMjdhNTlmOCJ9\" href='https:\/\/cea.uem.mz\/wp-content\/uploads\/2025\/06\/IMG-20230904-WA0037-1.jpg'><img loading=\"lazy\" decoding=\"async\" width=\"150\" height=\"150\" src=\"https:\/\/cea.uem.mz\/wp-content\/uploads\/2025\/06\/IMG-20230904-WA0037-1-150x150.jpg\" class=\"attachment-thumbnail size-thumbnail\" alt=\"\" \/><\/a>\n\t\t\t<\/div><\/figure>\n\t\t<\/div>\n\t\t<\/div>\n\t\t\t\t\t\t<\/div>\n\t\t\t\t\t<\/div>\n\t\t\t\t<\/div>\n\t\t<div class=\"elementor-element elementor-element-8cd5849 e-flex e-con-boxed wpr-particle-no wpr-jarallax-no wpr-parallax-no wpr-sticky-section-no e-con e-parent\" data-id=\"8cd5849\" data-element_type=\"container\">\n\t\t\t\t\t<div class=\"e-con-inner\">\n\t\t\t\t<div class=\"elementor-element elementor-element-efcbc6b elementor-widget elementor-widget-heading\" data-id=\"efcbc6b\" data-element_type=\"widget\" data-widget_type=\"heading.default\">\n\t\t\t\t\t<h2 class=\"elementor-heading-title elementor-size-default\">Lan\u00e7amento do Relat\u00f3rio sobre a situa\u00e7\u00e3o da Popula\u00e7\u00e3o Mundial (08 de Julho de\u00a02025)<\/h2>\t\t\t\t<\/div>\n\t\t\t\t\t<\/div>\n\t\t\t\t<\/div>\n\t\t<div class=\"elementor-element elementor-element-ae2a475 e-flex e-con-boxed wpr-particle-no wpr-jarallax-no wpr-parallax-no wpr-sticky-section-no e-con e-parent\" data-id=\"ae2a475\" data-element_type=\"container\">\n\t\t\t\t\t<div class=\"e-con-inner\">\n\t\t\t\t<div class=\"elementor-element elementor-element-63522e7 gallery-spacing-custom elementor-widget elementor-widget-image-gallery\" data-id=\"63522e7\" data-element_type=\"widget\" data-widget_type=\"image-gallery.default\">\n\t\t\t\t\t\t\t<div class=\"elementor-image-gallery\">\n\t\t\t<div id='gallery-3' class='gallery galleryid-103 gallery-columns-3 gallery-size-thumbnail'><figure class='gallery-item'>\n\t\t\t<div class='gallery-icon portrait'>\n\t\t\t\t<a data-elementor-open-lightbox=\"yes\" data-elementor-lightbox-slideshow=\"63522e7\" data-elementor-lightbox-title=\"Capturar1\" data-e-action-hash=\"#elementor-action%3Aaction%3Dlightbox%26settings%3DeyJpZCI6MTE0MCwidXJsIjoiaHR0cHM6XC9cL2NlYS51ZW0ubXpcL3dwLWNvbnRlbnRcL3VwbG9hZHNcLzIwMjVcLzA3XC9DYXB0dXJhcjEucG5nIiwic2xpZGVzaG93IjoiNjM1MjJlNyJ9\" href='https:\/\/cea.uem.mz\/wp-content\/uploads\/2025\/07\/Capturar1.png'><img loading=\"lazy\" decoding=\"async\" width=\"150\" height=\"150\" src=\"https:\/\/cea.uem.mz\/wp-content\/uploads\/2025\/07\/Capturar1-150x150.png\" class=\"attachment-thumbnail size-thumbnail\" alt=\"\" \/><\/a>\n\t\t\t<\/div><\/figure><figure class='gallery-item'>\n\t\t\t<div class='gallery-icon portrait'>\n\t\t\t\t<a data-elementor-open-lightbox=\"yes\" data-elementor-lightbox-slideshow=\"63522e7\" data-elementor-lightbox-title=\"Capturar\" data-e-action-hash=\"#elementor-action%3Aaction%3Dlightbox%26settings%3DeyJpZCI6MTEzOSwidXJsIjoiaHR0cHM6XC9cL2NlYS51ZW0ubXpcL3dwLWNvbnRlbnRcL3VwbG9hZHNcLzIwMjVcLzA3XC9DYXB0dXJhci5wbmciLCJzbGlkZXNob3ciOiI2MzUyMmU3In0%3D\" href='https:\/\/cea.uem.mz\/wp-content\/uploads\/2025\/07\/Capturar.png'><img loading=\"lazy\" decoding=\"async\" width=\"150\" height=\"150\" src=\"https:\/\/cea.uem.mz\/wp-content\/uploads\/2025\/07\/Capturar-150x150.png\" class=\"attachment-thumbnail size-thumbnail\" alt=\"\" \/><\/a>\n\t\t\t<\/div><\/figure><figure class='gallery-item'>\n\t\t\t<div class='gallery-icon landscape'>\n\t\t\t\t<a data-elementor-open-lightbox=\"yes\" data-elementor-lightbox-slideshow=\"63522e7\" data-elementor-lightbox-title=\"IMG-20250708-WA0056\" data-e-action-hash=\"#elementor-action%3Aaction%3Dlightbox%26settings%3DeyJpZCI6MTEzOCwidXJsIjoiaHR0cHM6XC9cL2NlYS51ZW0ubXpcL3dwLWNvbnRlbnRcL3VwbG9hZHNcLzIwMjVcLzA3XC9JTUctMjAyNTA3MDgtV0EwMDU2LmpwZyIsInNsaWRlc2hvdyI6IjYzNTIyZTcifQ%3D%3D\" href='https:\/\/cea.uem.mz\/wp-content\/uploads\/2025\/07\/IMG-20250708-WA0056.jpg'><img loading=\"lazy\" decoding=\"async\" width=\"150\" height=\"150\" src=\"https:\/\/cea.uem.mz\/wp-content\/uploads\/2025\/07\/IMG-20250708-WA0056-150x150.jpg\" class=\"attachment-thumbnail size-thumbnail\" alt=\"\" \/><\/a>\n\t\t\t<\/div><\/figure>\n\t\t<\/div>\n\t\t<\/div>\n\t\t\t\t\t\t<\/div>\n\t\t\t\t\t<\/div>\n\t\t\t\t<\/div>\n\t\t<div class=\"elementor-element elementor-element-725e6b7 e-flex e-con-boxed wpr-particle-no wpr-jarallax-no wpr-parallax-no wpr-sticky-section-no e-con e-parent\" data-id=\"725e6b7\" data-element_type=\"container\">\n\t\t\t\t\t<div class=\"e-con-inner\">\n\t\t\t\t<div class=\"elementor-element elementor-element-cf697c3 gallery-spacing-custom elementor-widget elementor-widget-image-gallery\" data-id=\"cf697c3\" data-element_type=\"widget\" data-widget_type=\"image-gallery.default\">\n\t\t\t\t\t\t\t<div class=\"elementor-image-gallery\">\n\t\t\t<div id='gallery-4' class='gallery galleryid-103 gallery-columns-3 gallery-size-thumbnail'><figure class='gallery-item'>\n\t\t\t<div class='gallery-icon landscape'>\n\t\t\t\t<a data-elementor-open-lightbox=\"yes\" data-elementor-lightbox-slideshow=\"cf697c3\" data-elementor-lightbox-title=\"IMG-20250708-WA0055\" data-e-action-hash=\"#elementor-action%3Aaction%3Dlightbox%26settings%3DeyJpZCI6MTEzNywidXJsIjoiaHR0cHM6XC9cL2NlYS51ZW0ubXpcL3dwLWNvbnRlbnRcL3VwbG9hZHNcLzIwMjVcLzA3XC9JTUctMjAyNTA3MDgtV0EwMDU1LmpwZyIsInNsaWRlc2hvdyI6ImNmNjk3YzMifQ%3D%3D\" href='https:\/\/cea.uem.mz\/wp-content\/uploads\/2025\/07\/IMG-20250708-WA0055.jpg'><img loading=\"lazy\" decoding=\"async\" width=\"150\" height=\"150\" src=\"https:\/\/cea.uem.mz\/wp-content\/uploads\/2025\/07\/IMG-20250708-WA0055-150x150.jpg\" class=\"attachment-thumbnail size-thumbnail\" alt=\"\" \/><\/a>\n\t\t\t<\/div><\/figure><figure class='gallery-item'>\n\t\t\t<div class='gallery-icon landscape'>\n\t\t\t\t<a data-elementor-open-lightbox=\"yes\" data-elementor-lightbox-slideshow=\"cf697c3\" data-elementor-lightbox-title=\"IMG-20250708-WA0054\" data-e-action-hash=\"#elementor-action%3Aaction%3Dlightbox%26settings%3DeyJpZCI6MTEzNiwidXJsIjoiaHR0cHM6XC9cL2NlYS51ZW0ubXpcL3dwLWNvbnRlbnRcL3VwbG9hZHNcLzIwMjVcLzA3XC9JTUctMjAyNTA3MDgtV0EwMDU0LmpwZyIsInNsaWRlc2hvdyI6ImNmNjk3YzMifQ%3D%3D\" href='https:\/\/cea.uem.mz\/wp-content\/uploads\/2025\/07\/IMG-20250708-WA0054.jpg'><img loading=\"lazy\" decoding=\"async\" width=\"150\" height=\"150\" src=\"https:\/\/cea.uem.mz\/wp-content\/uploads\/2025\/07\/IMG-20250708-WA0054-150x150.jpg\" class=\"attachment-thumbnail size-thumbnail\" alt=\"\" \/><\/a>\n\t\t\t<\/div><\/figure><figure class='gallery-item'>\n\t\t\t<div class='gallery-icon landscape'>\n\t\t\t\t<a data-elementor-open-lightbox=\"yes\" data-elementor-lightbox-slideshow=\"cf697c3\" data-elementor-lightbox-title=\"IMG-20250708-WA0053\" data-e-action-hash=\"#elementor-action%3Aaction%3Dlightbox%26settings%3DeyJpZCI6MTEzNSwidXJsIjoiaHR0cHM6XC9cL2NlYS51ZW0ubXpcL3dwLWNvbnRlbnRcL3VwbG9hZHNcLzIwMjVcLzA3XC9JTUctMjAyNTA3MDgtV0EwMDUzLmpwZyIsInNsaWRlc2hvdyI6ImNmNjk3YzMifQ%3D%3D\" href='https:\/\/cea.uem.mz\/wp-content\/uploads\/2025\/07\/IMG-20250708-WA0053.jpg'><img loading=\"lazy\" decoding=\"async\" width=\"150\" height=\"150\" src=\"https:\/\/cea.uem.mz\/wp-content\/uploads\/2025\/07\/IMG-20250708-WA0053-150x150.jpg\" class=\"attachment-thumbnail size-thumbnail\" alt=\"\" \/><\/a>\n\t\t\t<\/div><\/figure>\n\t\t<\/div>\n\t\t<\/div>\n\t\t\t\t\t\t<\/div>\n\t\t\t\t\t<\/div>\n\t\t\t\t<\/div>\n\t\t\t\t<\/div>\n\t\t","protected":false},"excerpt":{"rendered":"<p>IV Confer\u00eancia Internacional do CEA Conferencia sobre Identidades Lan\u00e7amento do Relat\u00f3rio sobre a situa\u00e7\u00e3o da Popula\u00e7\u00e3o Mundial (08 de Julho de\u00a02025)<\/p>\n","protected":false},"author":1,"featured_media":0,"parent":0,"menu_order":0,"comment_status":"closed","ping_status":"closed","template":"","meta":{"site-sidebar-layout":"no-sidebar","site-content-layout":"","ast-site-content-layout":"full-width-container","site-content-style":"default","site-sidebar-style":"default","ast-global-header-display":"","ast-banner-title-visibility":"","ast-main-header-display":"","ast-hfb-above-header-display":"","ast-hfb-below-header-display":"","ast-hfb-mobile-header-display":"","site-post-title":"disabled","ast-breadcrumbs-content":"","ast-featured-img":"disabled","footer-sml-layout":"","theme-transparent-header-meta":"","adv-header-id-meta":"","stick-header-meta":"","header-above-stick-meta":"","header-main-stick-meta":"","header-below-stick-meta":"","astra-migrate-meta-layouts":"default","ast-page-background-enabled":"default","ast-page-background-meta":{"desktop":{"background-color":"var(--ast-global-color-5)","background-image":"","background-repeat":"repeat","background-position":"center center","background-size":"auto","background-attachment":"scroll","background-type":"","background-media":"","overlay-type":"","overlay-color":"","overlay-opacity":"","overlay-gradient":""},"tablet":{"background-color":"","background-image":"","background-repeat":"repeat","background-position":"center center","background-size":"auto","background-attachment":"scroll","background-type":"","background-media":"","overlay-type":"","overlay-color":"","overlay-opacity":"","overlay-gradient":""},"mobile":{"background-color":"","background-image":"","background-repeat":"repeat","background-position":"center center","background-size":"auto","background-attachment":"scroll","background-type":"","background-media":"","overlay-type":"","overlay-color":"","overlay-opacity":"","overlay-gradient":""}},"ast-content-background-meta":{"desktop":{"background-color":"var(--ast-global-color-4)","background-image":"","background-repeat":"repeat","background-position":"center center","background-size":"auto","background-attachment":"scroll","background-type":"","background-media":"","overlay-type":"","overlay-color":"","overlay-opacity":"","overlay-gradient":""},"tablet":{"background-color":"var(--ast-global-color-4)","background-image":"","background-repeat":"repeat","background-position":"center center","background-size":"auto","background-attachment":"scroll","background-type":"","background-media":"","overlay-type":"","overlay-color":"","overlay-opacity":"","overlay-gradient":""},"mobile":{"background-color":"var(--ast-global-color-4)","background-image":"","background-repeat":"repeat","background-position":"center center","background-size":"auto","background-attachment":"scroll","background-type":"","background-media":"","overlay-type":"","overlay-color":"","overlay-opacity":"","overlay-gradient":""}},"footnotes":""},"class_list":["post-103","page","type-page","status-publish","hentry"],"_links":{"self":[{"href":"https:\/\/cea.uem.mz\/index.php\/wp-json\/wp\/v2\/pages\/103","targetHints":{"allow":["GET"]}}],"collection":[{"href":"https:\/\/cea.uem.mz\/index.php\/wp-json\/wp\/v2\/pages"}],"about":[{"href":"https:\/\/cea.uem.mz\/index.php\/wp-json\/wp\/v2\/types\/page"}],"author":[{"embeddable":true,"href":"https:\/\/cea.uem.mz\/index.php\/wp-json\/wp\/v2\/users\/1"}],"replies":[{"embeddable":true,"href":"https:\/\/cea.uem.mz\/index.php\/wp-json\/wp\/v2\/comments?post=103"}],"version-history":[{"count":0,"href":"https:\/\/cea.uem.mz\/index.php\/wp-json\/wp\/v2\/pages\/103\/revisions"}],"wp:attachment":[{"href":"https:\/\/cea.uem.mz\/index.php\/wp-json\/wp\/v2\/media?parent=103"}],"curies":[{"name":"wp","href":"https:\/\/api.w.org\/{rel}","templated":true}]}}