{"id":104,"date":"2024-10-22T12:52:07","date_gmt":"2024-10-22T12:52:07","guid":{"rendered":"https:\/\/cea.ghost.uem.mz\/?page_id=104"},"modified":"2024-10-22T12:52:07","modified_gmt":"2024-10-22T12:52:07","slug":"noticias","status":"publish","type":"page","link":"https:\/\/cea.uem.mz\/index.php\/noticias\/","title":{"rendered":"Not\u00edcias"},"content":{"rendered":"\t\t<div data-elementor-type=\"wp-page\" data-elementor-id=\"104\" class=\"elementor elementor-104\">\n\t\t\t\t<div class=\"elementor-element elementor-element-dc27fea e-flex e-con-boxed wpr-particle-no wpr-jarallax-no wpr-parallax-no wpr-sticky-section-no e-con e-parent\" data-id=\"dc27fea\" data-element_type=\"container\">\n\t\t\t\t\t<div class=\"e-con-inner\">\n\t\t\t\t<div class=\"elementor-element elementor-element-5a8916c elementor-widget elementor-widget-upk-alice-grid\" data-id=\"5a8916c\" data-element_type=\"widget\" data-widget_type=\"upk-alice-grid.default\">\n\t\t\t\t\t\t\t<div class=\"upk-alice-grid upk-ajax-grid\" data-loadmore=\"[]\">\n\t\t\t<div class=\"upk-alice-wrap upk-ajax-grid-wrap upk-content-bottom-center upk-style-1\">\n\t\t\t\t\t\t\t\t\t\t\t<div class=\"upk-item\">\n\t\t\t<div class=\"upk-item-box\">\n\t\t\t\t<div class=\"upk-img-wrap\">\n\t\t\t\t\t<img decoding=\"async\" width=\"300\" height=\"135\" src=\"https:\/\/cea.uem.mz\/wp-content\/uploads\/2025\/10\/Imagem-WhatsApp-2025-10-31-as-12.15.04_6cfefa14-300x135.jpg\" class=\"upk-img\" alt=\"Cerim\u00f3nia de reconhecimento aos Reformados do CEA\" srcset=\"https:\/\/cea.uem.mz\/wp-content\/uploads\/2025\/10\/Imagem-WhatsApp-2025-10-31-as-12.15.04_6cfefa14-300x135.jpg 300w, https:\/\/cea.uem.mz\/wp-content\/uploads\/2025\/10\/Imagem-WhatsApp-2025-10-31-as-12.15.04_6cfefa14-1024x461.jpg 1024w, https:\/\/cea.uem.mz\/wp-content\/uploads\/2025\/10\/Imagem-WhatsApp-2025-10-31-as-12.15.04_6cfefa14-768x346.jpg 768w, https:\/\/cea.uem.mz\/wp-content\/uploads\/2025\/10\/Imagem-WhatsApp-2025-10-31-as-12.15.04_6cfefa14.jpg 1280w\" sizes=\"(max-width: 300px) 100vw, 300px\" \/>\t\t\t\t<\/div>\n\t\t\t\t\t\t<div class=\"upk-category\">\n\t\t\t<a href=\"https:\/\/cea.uem.mz\/index.php\/category\/noticias\/\">Noticias<\/a>\t\t<\/div>\n\t\t\t\t\t<div class=\"upk-content\">\n\t\t\t\t\t<h3 class=\"upk-title\"><a href=\"https:\/\/cea.uem.mz\/index.php\/2025\/10\/30\/cerimonia-de-reconhecimento-aos-reformados-do-cea\/\" title=\"Cerim\u00f3nia de reconhecimento aos Reformados do CEA\" class=\"title-animation-underline\" >Cerim\u00f3nia de reconhecimento aos Reformados do CEA<\/a><\/h3>\n\t\t\t\t\t\t\t\t\t\t<div class=\"upk-meta\">\n\t\t\t\t\t\t\t\t\t\t\t\t<div data-separator=\".\">\n\t\t\t\t\t\t\t\t<div class=\"upk-date\">\n\t\t\tOctober 30, 2025\t\t<\/div>\n\n\t\t\t\t\t\t\t\t\t<\/div>\n\t\t\t\t\t\t\t\t\t\t\t<\/div>\n\t\t\t\t\t\n\t\t\t\t<\/div>\n\t\t\t<\/div>\n\t\t<\/div>\n\t\t\t\t\t\t\t\t\t\t\t\t<div class=\"upk-item\">\n\t\t\t<div class=\"upk-item-box\">\n\t\t\t\t<div class=\"upk-img-wrap\">\n\t\t\t\t\t<img fetchpriority=\"high\" decoding=\"async\" width=\"300\" height=\"197\" src=\"https:\/\/cea.uem.mz\/wp-content\/uploads\/2025\/09\/image-Event-300x197.png\" class=\"upk-img\" alt=\"Visita do Professor Reinaldo Jos\u00e9 Bolivar \u00e1 Universidade Eduardo Mondlane\" srcset=\"https:\/\/cea.uem.mz\/wp-content\/uploads\/2025\/09\/image-Event-300x197.png 300w, https:\/\/cea.uem.mz\/wp-content\/uploads\/2025\/09\/image-Event.png 731w\" sizes=\"(max-width: 300px) 100vw, 300px\" \/>\t\t\t\t<\/div>\n\t\t\t\t\t\t<div class=\"upk-category\">\n\t\t\t<a href=\"https:\/\/cea.uem.mz\/index.php\/category\/noticias\/\">Noticias<\/a>\t\t<\/div>\n\t\t\t\t\t<div class=\"upk-content\">\n\t\t\t\t\t<h3 class=\"upk-title\"><a href=\"https:\/\/cea.uem.mz\/index.php\/2025\/09\/05\/visita-do-professor-reinaldo-jose-bolivar-a-universidade-eduardo-mondlane\/\" title=\"Visita do Professor Reinaldo Jos\u00e9 Bolivar \u00e1 Universidade Eduardo Mondlane\" class=\"title-animation-underline\" >Visita do Professor Reinaldo Jos\u00e9 Bolivar \u00e1 Universidade Eduardo Mondlane<\/a><\/h3>\n\t\t\t\t\t\t\t\t\t\t<div class=\"upk-meta\">\n\t\t\t\t\t\t\t\t\t\t\t\t<div data-separator=\".\">\n\t\t\t\t\t\t\t\t<div class=\"upk-date\">\n\t\t\tSeptember 5, 2025\t\t<\/div>\n\n\t\t\t\t\t\t\t\t\t<\/div>\n\t\t\t\t\t\t\t\t\t\t\t<\/div>\n\t\t\t\t\t\n\t\t\t\t<\/div>\n\t\t\t<\/div>\n\t\t<\/div>\n\t\t\t\t\t\t\t\t\t\t\t\t<div class=\"upk-item\">\n\t\t\t<div class=\"upk-item-box\">\n\t\t\t\t<div class=\"upk-img-wrap\">\n\t\t\t\t\t<img decoding=\"async\" width=\"167\" height=\"203\" src=\"https:\/\/cea.uem.mz\/wp-content\/uploads\/2024\/10\/m_Chapane1694697935.png\" class=\"upk-img\" alt=\"CHAPANE\" \/>\t\t\t\t<\/div>\n\t\t\t\t\t\t<div class=\"upk-category\">\n\t\t\t<a href=\"https:\/\/cea.uem.mz\/index.php\/category\/noticias\/\">Noticias<\/a>\t\t<\/div>\n\t\t\t\t\t<div class=\"upk-content\">\n\t\t\t\t\t<h3 class=\"upk-title\"><a href=\"https:\/\/cea.uem.mz\/index.php\/2025\/06\/26\/chapane\/\" title=\"CHAPANE\" class=\"title-animation-underline\" >CHAPANE<\/a><\/h3>\n\t\t\t\t\t\t\t\t\t\t<div class=\"upk-meta\">\n\t\t\t\t\t\t\t\t\t\t\t\t<div data-separator=\".\">\n\t\t\t\t\t\t\t\t<div class=\"upk-date\">\n\t\t\tJune 26, 2025\t\t<\/div>\n\n\t\t\t\t\t\t\t\t\t<\/div>\n\t\t\t\t\t\t\t\t\t\t\t<\/div>\n\t\t\t\t\t\n\t\t\t\t<\/div>\n\t\t\t<\/div>\n\t\t<\/div>\n\t\t\t\t\t\t\t\t\t\t\t\t<div class=\"upk-item\">\n\t\t\t<div class=\"upk-item-box\">\n\t\t\t\t<div class=\"upk-img-wrap\">\n\t\t\t\t\t<img loading=\"lazy\" decoding=\"async\" width=\"300\" height=\"225\" src=\"https:\/\/cea.uem.mz\/wp-content\/uploads\/2025\/06\/Lancamento-do-livro-Xilhlamussarito-xa-Xichangana31.07.14-scaled-1-300x225.jpg\" class=\"upk-img\" alt=\"Lan\u00e7amento do Livro do CEA\" srcset=\"https:\/\/cea.uem.mz\/wp-content\/uploads\/2025\/06\/Lancamento-do-livro-Xilhlamussarito-xa-Xichangana31.07.14-scaled-1-300x225.jpg 300w, https:\/\/cea.uem.mz\/wp-content\/uploads\/2025\/06\/Lancamento-do-livro-Xilhlamussarito-xa-Xichangana31.07.14-scaled-1-1024x768.jpg 1024w, https:\/\/cea.uem.mz\/wp-content\/uploads\/2025\/06\/Lancamento-do-livro-Xilhlamussarito-xa-Xichangana31.07.14-scaled-1-768x576.jpg 768w, https:\/\/cea.uem.mz\/wp-content\/uploads\/2025\/06\/Lancamento-do-livro-Xilhlamussarito-xa-Xichangana31.07.14-scaled-1-1536x1152.jpg 1536w, https:\/\/cea.uem.mz\/wp-content\/uploads\/2025\/06\/Lancamento-do-livro-Xilhlamussarito-xa-Xichangana31.07.14-scaled-1-2048x1536.jpg 2048w\" sizes=\"(max-width: 300px) 100vw, 300px\" \/>\t\t\t\t<\/div>\n\t\t\t\t\t\t<div class=\"upk-category\">\n\t\t\t<a href=\"https:\/\/cea.uem.mz\/index.php\/category\/noticias\/\">Noticias<\/a>\t\t<\/div>\n\t\t\t\t\t<div class=\"upk-content\">\n\t\t\t\t\t<h3 class=\"upk-title\"><a href=\"https:\/\/cea.uem.mz\/index.php\/2025\/06\/26\/lancamento-do-livro-do-cea\/\" title=\"Lan\u00e7amento do Livro do CEA\" class=\"title-animation-underline\" >Lan\u00e7amento do Livro do CEA<\/a><\/h3>\n\t\t\t\t\t\t\t\t\t\t<div class=\"upk-meta\">\n\t\t\t\t\t\t\t\t\t\t\t\t<div data-separator=\".\">\n\t\t\t\t\t\t\t\t<div class=\"upk-date\">\n\t\t\tJune 26, 2025\t\t<\/div>\n\n\t\t\t\t\t\t\t\t\t<\/div>\n\t\t\t\t\t\t\t\t\t\t\t<\/div>\n\t\t\t\t\t\n\t\t\t\t<\/div>\n\t\t\t<\/div>\n\t\t<\/div>\n\t\t\t\t\t\t\t\t\t\t\t\t<div class=\"upk-item\">\n\t\t\t<div class=\"upk-item-box\">\n\t\t\t\t<div class=\"upk-img-wrap\">\n\t\t\t\t\t<img loading=\"lazy\" decoding=\"async\" width=\"225\" height=\"300\" src=\"https:\/\/cea.uem.mz\/wp-content\/uploads\/2025\/06\/20250522_091035-1-scaled-e1750932221805-225x300.jpg\" class=\"upk-img\" alt=\"Visita do exmo senhor embaixador do Egipto ao CEA\" srcset=\"https:\/\/cea.uem.mz\/wp-content\/uploads\/2025\/06\/20250522_091035-1-scaled-e1750932221805-225x300.jpg 225w, https:\/\/cea.uem.mz\/wp-content\/uploads\/2025\/06\/20250522_091035-1-scaled-e1750932221805-768x1024.jpg 768w, https:\/\/cea.uem.mz\/wp-content\/uploads\/2025\/06\/20250522_091035-1-scaled-e1750932221805-1152x1536.jpg 1152w, https:\/\/cea.uem.mz\/wp-content\/uploads\/2025\/06\/20250522_091035-1-scaled-e1750932221805-1536x2048.jpg 1536w, https:\/\/cea.uem.mz\/wp-content\/uploads\/2025\/06\/20250522_091035-1-scaled-e1750932221805.jpg 1920w\" sizes=\"(max-width: 225px) 100vw, 225px\" \/>\t\t\t\t<\/div>\n\t\t\t\t\t\t<div class=\"upk-category\">\n\t\t\t<a href=\"https:\/\/cea.uem.mz\/index.php\/category\/noticias\/\">Noticias<\/a>\t\t<\/div>\n\t\t\t\t\t<div class=\"upk-content\">\n\t\t\t\t\t<h3 class=\"upk-title\"><a href=\"https:\/\/cea.uem.mz\/index.php\/2025\/06\/26\/visita-do-exmo-senhor-embaixador-do-egipto-ao-cea\/\" title=\"Visita do exmo senhor embaixador do Egipto ao CEA\" class=\"title-animation-underline\" >Visita do exmo senhor embaixador do Egipto ao CEA<\/a><\/h3>\n\t\t\t\t\t\t\t\t\t\t<div class=\"upk-meta\">\n\t\t\t\t\t\t\t\t\t\t\t\t<div data-separator=\".\">\n\t\t\t\t\t\t\t\t<div class=\"upk-date\">\n\t\t\tJune 26, 2025\t\t<\/div>\n\n\t\t\t\t\t\t\t\t\t<\/div>\n\t\t\t\t\t\t\t\t\t\t\t<\/div>\n\t\t\t\t\t\n\t\t\t\t<\/div>\n\t\t\t<\/div>\n\t\t<\/div>\n\t\t\t\t\t\t\t\t\t\t\t\t<div class=\"upk-item\">\n\t\t\t<div class=\"upk-item-box\">\n\t\t\t\t<div class=\"upk-img-wrap\">\n\t\t\t\t\t<img loading=\"lazy\" decoding=\"async\" width=\"135\" height=\"300\" src=\"https:\/\/cea.uem.mz\/wp-content\/uploads\/2025\/06\/IMG-20250619-WA0017-135x300.jpg\" class=\"upk-img\" alt=\"Dia aberto da UEM 19 de junho 2025\" srcset=\"https:\/\/cea.uem.mz\/wp-content\/uploads\/2025\/06\/IMG-20250619-WA0017-135x300.jpg 135w, https:\/\/cea.uem.mz\/wp-content\/uploads\/2025\/06\/IMG-20250619-WA0017-461x1024.jpg 461w, https:\/\/cea.uem.mz\/wp-content\/uploads\/2025\/06\/IMG-20250619-WA0017.jpg 576w\" sizes=\"(max-width: 135px) 100vw, 135px\" \/>\t\t\t\t<\/div>\n\t\t\t\t\t\t<div class=\"upk-category\">\n\t\t\t<a href=\"https:\/\/cea.uem.mz\/index.php\/category\/noticias\/\">Noticias<\/a>\t\t<\/div>\n\t\t\t\t\t<div class=\"upk-content\">\n\t\t\t\t\t<h3 class=\"upk-title\"><a href=\"https:\/\/cea.uem.mz\/index.php\/2025\/06\/26\/dia-aberto-da-uem-19-de-junho-2025\/\" title=\"Dia aberto da UEM 19 de junho 2025\" class=\"title-animation-underline\" >Dia aberto da UEM 19 de junho 2025<\/a><\/h3>\n\t\t\t\t\t\t\t\t\t\t<div class=\"upk-meta\">\n\t\t\t\t\t\t\t\t\t\t\t\t<div data-separator=\".\">\n\t\t\t\t\t\t\t\t<div class=\"upk-date\">\n\t\t\tJune 26, 2025\t\t<\/div>\n\n\t\t\t\t\t\t\t\t\t<\/div>\n\t\t\t\t\t\t\t\t\t\t\t<\/div>\n\t\t\t\t\t\n\t\t\t\t<\/div>\n\t\t\t<\/div>\n\t\t<\/div>\n\t\t\t\t\t\t\t\t\t\t\t\t<div class=\"upk-item\">\n\t\t\t<div class=\"upk-item-box\">\n\t\t\t\t<div class=\"upk-img-wrap\">\n\t\t\t\t\t<img loading=\"lazy\" decoding=\"async\" width=\"300\" height=\"133\" src=\"https:\/\/cea.uem.mz\/wp-content\/uploads\/2025\/06\/image-3.0-300x133.png\" class=\"upk-img\" alt=\"IV Semin\u00e1rio sobre Padroniza\u00e7\u00e3o das L\u00ednguas Mo\u00e7ambicanas\" srcset=\"https:\/\/cea.uem.mz\/wp-content\/uploads\/2025\/06\/image-3.0-300x133.png 300w, https:\/\/cea.uem.mz\/wp-content\/uploads\/2025\/06\/image-3.0.png 753w\" sizes=\"(max-width: 300px) 100vw, 300px\" \/>\t\t\t\t<\/div>\n\t\t\t\t\t\t<div class=\"upk-category\">\n\t\t\t<a href=\"https:\/\/cea.uem.mz\/index.php\/category\/noticias\/\">Noticias<\/a>\t\t<\/div>\n\t\t\t\t\t<div class=\"upk-content\">\n\t\t\t\t\t<h3 class=\"upk-title\"><a href=\"https:\/\/cea.uem.mz\/index.php\/2025\/06\/26\/iv-seminario-sobre-padronizacao-das-linguas-mocambicanas\/\" title=\"IV Semin\u00e1rio sobre Padroniza\u00e7\u00e3o das L\u00ednguas Mo\u00e7ambicanas\" class=\"title-animation-underline\" >IV Semin\u00e1rio sobre Padroniza\u00e7\u00e3o das L\u00ednguas Mo\u00e7ambicanas<\/a><\/h3>\n\t\t\t\t\t\t\t\t\t\t<div class=\"upk-meta\">\n\t\t\t\t\t\t\t\t\t\t\t\t<div data-separator=\".\">\n\t\t\t\t\t\t\t\t<div class=\"upk-date\">\n\t\t\tJune 26, 2025\t\t<\/div>\n\n\t\t\t\t\t\t\t\t\t<\/div>\n\t\t\t\t\t\t\t\t\t\t\t<\/div>\n\t\t\t\t\t\n\t\t\t\t<\/div>\n\t\t\t<\/div>\n\t\t<\/div>\n\t\t\t\t\t\t\t\t\t\t\t\t<div class=\"upk-item\">\n\t\t\t<div class=\"upk-item-box\">\n\t\t\t\t<div class=\"upk-img-wrap\">\n\t\t\t\t\t<img loading=\"lazy\" decoding=\"async\" width=\"300\" height=\"161\" src=\"https:\/\/cea.uem.mz\/wp-content\/uploads\/2025\/06\/image-6.0-300x161.png\" class=\"upk-img\" alt=\"Semin\u00e1rio com parceiros no \u00c2mbito do Projecto de Pesquisa sobre a Contribui\u00e7\u00e3o Economica Das Institui\u00e7\u00f5es Sem Fins Lucrativos Para Emprego Dos Jovens 02 de Abril de 2025\" srcset=\"https:\/\/cea.uem.mz\/wp-content\/uploads\/2025\/06\/image-6.0-300x161.png 300w, https:\/\/cea.uem.mz\/wp-content\/uploads\/2025\/06\/image-6.0-768x412.png 768w, https:\/\/cea.uem.mz\/wp-content\/uploads\/2025\/06\/image-6.0.png 936w\" sizes=\"(max-width: 300px) 100vw, 300px\" \/>\t\t\t\t<\/div>\n\t\t\t\t\t\t<div class=\"upk-category\">\n\t\t\t<a href=\"https:\/\/cea.uem.mz\/index.php\/category\/uncategorized\/\">Uncategorized<\/a>\t\t<\/div>\n\t\t\t\t\t<div class=\"upk-content\">\n\t\t\t\t\t<h3 class=\"upk-title\"><a href=\"https:\/\/cea.uem.mz\/index.php\/2025\/06\/26\/seminario-com-parceiros-no-ambito-do-projecto-de-pesquisa-sobre-a-contribuicao-economica-das-instituicoes-sem-fins-lucrativos-para-emprego-dos-jovens-02-de-abril-de-2025\/\" title=\"Semin\u00e1rio com parceiros no \u00c2mbito do Projecto de Pesquisa sobre a Contribui\u00e7\u00e3o Economica Das Institui\u00e7\u00f5es Sem Fins Lucrativos Para Emprego Dos Jovens 02 de Abril de 2025\" class=\"title-animation-underline\" >Semin\u00e1rio com parceiros no \u00c2mbito do Projecto de Pesquisa sobre a Contribui\u00e7\u00e3o Economica Das Institui\u00e7\u00f5es Sem Fins Lucrativos Para Emprego Dos Jovens 02 de Abril de 2025<\/a><\/h3>\n\t\t\t\t\t\t\t\t\t\t<div class=\"upk-meta\">\n\t\t\t\t\t\t\t\t\t\t\t\t<div data-separator=\".\">\n\t\t\t\t\t\t\t\t<div class=\"upk-date\">\n\t\t\tJune 26, 2025\t\t<\/div>\n\n\t\t\t\t\t\t\t\t\t<\/div>\n\t\t\t\t\t\t\t\t\t\t\t<\/div>\n\t\t\t\t\t\n\t\t\t\t<\/div>\n\t\t\t<\/div>\n\t\t<\/div>\n\t\t\t\t\t\t\t\t\t\t\t\t<div class=\"upk-item\">\n\t\t\t<div class=\"upk-item-box\">\n\t\t\t\t<div class=\"upk-img-wrap\">\n\t\t\t\t\t<img loading=\"lazy\" decoding=\"async\" width=\"300\" height=\"164\" src=\"https:\/\/cea.uem.mz\/wp-content\/uploads\/2025\/06\/image-5.0-300x164.png\" class=\"upk-img\" alt=\"11 de Junho de 2025 &#8211; WorkShop sobre desenvolvimento local ambiental e recursos naturais em Mo\u00e7ambique em parceria com a FRAMO CHS Franco mo\u00e7ambicano Ci\u00eancias Humanas e Sociais\" srcset=\"https:\/\/cea.uem.mz\/wp-content\/uploads\/2025\/06\/image-5.0-300x164.png 300w, https:\/\/cea.uem.mz\/wp-content\/uploads\/2025\/06\/image-5.0-768x420.png 768w, https:\/\/cea.uem.mz\/wp-content\/uploads\/2025\/06\/image-5.0.png 928w\" sizes=\"(max-width: 300px) 100vw, 300px\" \/>\t\t\t\t<\/div>\n\t\t\t\t\t\t<div class=\"upk-category\">\n\t\t\t<a href=\"https:\/\/cea.uem.mz\/index.php\/category\/uncategorized\/\">Uncategorized<\/a>\t\t<\/div>\n\t\t\t\t\t<div class=\"upk-content\">\n\t\t\t\t\t<h3 class=\"upk-title\"><a href=\"https:\/\/cea.uem.mz\/index.php\/2025\/06\/11\/11-de-junho-de-2025-workshop-sobre-desenvolvimento-local-ambiental-e-recursos-naturais-em-mocambique-em-parceria-com-a-framo-chs-franco-mocambicano-ciencias-humanas-e-sociais\/\" title=\"11 de Junho de 2025 &#8211; WorkShop sobre desenvolvimento local ambiental e recursos naturais em Mo\u00e7ambique em parceria com a FRAMO CHS Franco mo\u00e7ambicano Ci\u00eancias Humanas e Sociais\" class=\"title-animation-underline\" >11 de Junho de 2025 &#8211; WorkShop sobre desenvolvimento local ambiental e recursos naturais em Mo\u00e7ambique em parceria com a FRAMO CHS Franco mo\u00e7ambicano Ci\u00eancias Humanas e Sociais<\/a><\/h3>\n\t\t\t\t\t\t\t\t\t\t<div class=\"upk-meta\">\n\t\t\t\t\t\t\t\t\t\t\t\t<div data-separator=\".\">\n\t\t\t\t\t\t\t\t<div class=\"upk-date\">\n\t\t\tJune 11, 2025\t\t<\/div>\n\n\t\t\t\t\t\t\t\t\t<\/div>\n\t\t\t\t\t\t\t\t\t\t\t<\/div>\n\t\t\t\t\t\n\t\t\t\t<\/div>\n\t\t\t<\/div>\n\t\t<\/div>\n\t\t\t\t\t\t\t\t\t\t\t\t<div class=\"upk-item\">\n\t\t\t<div class=\"upk-item-box\">\n\t\t\t\t<div class=\"upk-img-wrap\">\n\t\t\t\t\t<img loading=\"lazy\" decoding=\"async\" width=\"225\" height=\"300\" src=\"https:\/\/cea.uem.mz\/wp-content\/uploads\/2025\/10\/Imagem-WhatsApp-2025-10-07-as-09.26.21_e217bc58-225x300.jpg\" class=\"upk-img\" alt=\"Comemora\u00e7\u00e3o do dia 07 de Abril de 2025\" srcset=\"https:\/\/cea.uem.mz\/wp-content\/uploads\/2025\/10\/Imagem-WhatsApp-2025-10-07-as-09.26.21_e217bc58-225x300.jpg 225w, https:\/\/cea.uem.mz\/wp-content\/uploads\/2025\/10\/Imagem-WhatsApp-2025-10-07-as-09.26.21_e217bc58-768x1024.jpg 768w, https:\/\/cea.uem.mz\/wp-content\/uploads\/2025\/10\/Imagem-WhatsApp-2025-10-07-as-09.26.21_e217bc58-1152x1536.jpg 1152w, https:\/\/cea.uem.mz\/wp-content\/uploads\/2025\/10\/Imagem-WhatsApp-2025-10-07-as-09.26.21_e217bc58.jpg 1200w\" sizes=\"(max-width: 225px) 100vw, 225px\" \/>\t\t\t\t<\/div>\n\t\t\t\t\t\t<div class=\"upk-category\">\n\t\t\t<a href=\"https:\/\/cea.uem.mz\/index.php\/category\/noticias\/\">Noticias<\/a>\t\t<\/div>\n\t\t\t\t\t<div class=\"upk-content\">\n\t\t\t\t\t<h3 class=\"upk-title\"><a href=\"https:\/\/cea.uem.mz\/index.php\/2025\/04\/07\/comemoracao-do-dia-07-de-abril-de-2025\/\" title=\"Comemora\u00e7\u00e3o do dia 07 de Abril de 2025\" class=\"title-animation-underline\" >Comemora\u00e7\u00e3o do dia 07 de Abril de 2025<\/a><\/h3>\n\t\t\t\t\t\t\t\t\t\t<div class=\"upk-meta\">\n\t\t\t\t\t\t\t\t\t\t\t\t<div data-separator=\".\">\n\t\t\t\t\t\t\t\t<div class=\"upk-date\">\n\t\t\tApril 7, 2025\t\t<\/div>\n\n\t\t\t\t\t\t\t\t\t<\/div>\n\t\t\t\t\t\t\t\t\t\t\t<\/div>\n\t\t\t\t\t\n\t\t\t\t<\/div>\n\t\t\t<\/div>\n\t\t<\/div>\n\t\t\t\t\t\t\t\t\t\t\t\t<div class=\"upk-item\">\n\t\t\t<div class=\"upk-item-box\">\n\t\t\t\t<div class=\"upk-img-wrap\">\n\t\t\t\t\t<img loading=\"lazy\" decoding=\"async\" width=\"225\" height=\"300\" src=\"https:\/\/cea.uem.mz\/wp-content\/uploads\/2024\/10\/TM-225x300.jpg\" class=\"upk-img\" alt=\"Investigadora do CEA, homenageada no Brasil!\" srcset=\"https:\/\/cea.uem.mz\/wp-content\/uploads\/2024\/10\/TM-225x300.jpg 225w, https:\/\/cea.uem.mz\/wp-content\/uploads\/2024\/10\/TM-768x1024.jpg 768w, https:\/\/cea.uem.mz\/wp-content\/uploads\/2024\/10\/TM-1152x1536.jpg 1152w, https:\/\/cea.uem.mz\/wp-content\/uploads\/2024\/10\/TM.jpg 1500w\" sizes=\"(max-width: 225px) 100vw, 225px\" \/>\t\t\t\t<\/div>\n\t\t\t\t\t\t<div class=\"upk-category\">\n\t\t\t<a href=\"https:\/\/cea.uem.mz\/index.php\/category\/noticias\/\">Noticias<\/a>\t\t<\/div>\n\t\t\t\t\t<div class=\"upk-content\">\n\t\t\t\t\t<h3 class=\"upk-title\"><a href=\"https:\/\/cea.uem.mz\/index.php\/2024\/10\/23\/investigadora-do-cea-homenageada-no-brasil\/\" title=\"Investigadora do CEA, homenageada no Brasil!\" class=\"title-animation-underline\" >Investigadora do CEA, homenageada no Brasil!<\/a><\/h3>\n\t\t\t\t\t\t\t\t\t\t<div class=\"upk-meta\">\n\t\t\t\t\t\t\t\t\t\t\t\t<div data-separator=\".\">\n\t\t\t\t\t\t\t\t<div class=\"upk-date\">\n\t\t\tOctober 23, 2024\t\t<\/div>\n\n\t\t\t\t\t\t\t\t\t<\/div>\n\t\t\t\t\t\t\t\t\t\t\t<\/div>\n\t\t\t\t\t\n\t\t\t\t<\/div>\n\t\t\t<\/div>\n\t\t<\/div>\n\t\t\t\t\t\t\t\t\t\t\t\t<div class=\"upk-item\">\n\t\t\t<div class=\"upk-item-box\">\n\t\t\t\t<div class=\"upk-img-wrap\">\n\t\t\t\t\t<img loading=\"lazy\" decoding=\"async\" width=\"135\" height=\"300\" src=\"https:\/\/cea.uem.mz\/wp-content\/uploads\/2024\/10\/WhatsApp_Image_2023-12-04_at_17.53.31_8013518e-135x300.jpg\" class=\"upk-img\" alt=\"Melhor funcionario do CEA para ano de 2024 -Mestre Ernesto Dimande\" srcset=\"https:\/\/cea.uem.mz\/wp-content\/uploads\/2024\/10\/WhatsApp_Image_2023-12-04_at_17.53.31_8013518e-135x300.jpg 135w, https:\/\/cea.uem.mz\/wp-content\/uploads\/2024\/10\/WhatsApp_Image_2023-12-04_at_17.53.31_8013518e-461x1024.jpg 461w, https:\/\/cea.uem.mz\/wp-content\/uploads\/2024\/10\/WhatsApp_Image_2023-12-04_at_17.53.31_8013518e-691x1536.jpg 691w, https:\/\/cea.uem.mz\/wp-content\/uploads\/2024\/10\/WhatsApp_Image_2023-12-04_at_17.53.31_8013518e.jpg 720w\" sizes=\"(max-width: 135px) 100vw, 135px\" \/>\t\t\t\t<\/div>\n\t\t\t\t\t\t<div class=\"upk-category\">\n\t\t\t<a href=\"https:\/\/cea.uem.mz\/index.php\/category\/noticias\/\">Noticias<\/a>\t\t<\/div>\n\t\t\t\t\t<div class=\"upk-content\">\n\t\t\t\t\t<h3 class=\"upk-title\"><a href=\"https:\/\/cea.uem.mz\/index.php\/2024\/10\/23\/melhor-funcionario-do-cea-para-ano-de-2024-mestre-ernesto-dimande\/\" title=\"Melhor funcionario do CEA para ano de 2024 -Mestre Ernesto Dimande\" class=\"title-animation-underline\" >Melhor funcionario do CEA para ano de 2024 -Mestre Ernesto Dimande<\/a><\/h3>\n\t\t\t\t\t\t\t\t\t\t<div class=\"upk-meta\">\n\t\t\t\t\t\t\t\t\t\t\t\t<div data-separator=\".\">\n\t\t\t\t\t\t\t\t<div class=\"upk-date\">\n\t\t\tOctober 23, 2024\t\t<\/div>\n\n\t\t\t\t\t\t\t\t\t<\/div>\n\t\t\t\t\t\t\t\t\t\t\t<\/div>\n\t\t\t\t\t\n\t\t\t\t<\/div>\n\t\t\t<\/div>\n\t\t<\/div>\n\t\t\t\t\t\t\t\t\t\t\t\t<div class=\"upk-item\">\n\t\t\t<div class=\"upk-item-box\">\n\t\t\t\t<div class=\"upk-img-wrap\">\n\t\t\t\t\t<img loading=\"lazy\" decoding=\"async\" width=\"213\" height=\"300\" src=\"https:\/\/cea.uem.mz\/wp-content\/uploads\/2024\/10\/Necrologia_Alpheus_Manghezi-213x300.jpg\" class=\"upk-img\" alt=\"NECROLOGIA: Alpheus Manguezi (1934-2024)\" srcset=\"https:\/\/cea.uem.mz\/wp-content\/uploads\/2024\/10\/Necrologia_Alpheus_Manghezi-213x300.jpg 213w, https:\/\/cea.uem.mz\/wp-content\/uploads\/2024\/10\/Necrologia_Alpheus_Manghezi-728x1024.jpg 728w, https:\/\/cea.uem.mz\/wp-content\/uploads\/2024\/10\/Necrologia_Alpheus_Manghezi-768x1080.jpg 768w, https:\/\/cea.uem.mz\/wp-content\/uploads\/2024\/10\/Necrologia_Alpheus_Manghezi-1092x1536.jpg 1092w, https:\/\/cea.uem.mz\/wp-content\/uploads\/2024\/10\/Necrologia_Alpheus_Manghezi.jpg 1145w\" sizes=\"(max-width: 213px) 100vw, 213px\" \/>\t\t\t\t<\/div>\n\t\t\t\t\t\t<div class=\"upk-category\">\n\t\t\t<a href=\"https:\/\/cea.uem.mz\/index.php\/category\/noticias\/\">Noticias<\/a>\t\t<\/div>\n\t\t\t\t\t<div class=\"upk-content\">\n\t\t\t\t\t<h3 class=\"upk-title\"><a href=\"https:\/\/cea.uem.mz\/index.php\/2024\/10\/23\/necrologia-alpheus-manguezi-1934-2024\/\" title=\"NECROLOGIA: Alpheus Manguezi (1934-2024)\" class=\"title-animation-underline\" >NECROLOGIA: Alpheus Manguezi (1934-2024)<\/a><\/h3>\n\t\t\t\t\t\t\t\t\t\t<div class=\"upk-meta\">\n\t\t\t\t\t\t\t\t\t\t\t\t<div data-separator=\".\">\n\t\t\t\t\t\t\t\t<div class=\"upk-date\">\n\t\t\tOctober 23, 2024\t\t<\/div>\n\n\t\t\t\t\t\t\t\t\t<\/div>\n\t\t\t\t\t\t\t\t\t\t\t<\/div>\n\t\t\t\t\t\n\t\t\t\t<\/div>\n\t\t\t<\/div>\n\t\t<\/div>\n\t\t\t\t\t\t\t\t<\/div>\n\t\t<\/div>\n\n\t\t\n\t\t\t\t\t\t<\/div>\n\t\t\t\t\t<\/div>\n\t\t\t\t<\/div>\n\t\t\t\t<\/div>\n\t\t","protected":false},"excerpt":{"rendered":"<p>Noticias Visita do Professor Reinaldo Jos\u00e9 Bolivar \u00e1 Universidade Eduardo Mondlane September 5, 2025 Noticias Celebra\u00e7\u00e3o do M\u00eas da Mulher 2018 September 5, 2025 Noticias CHAPANE June 26, 2025 Noticias Lan\u00e7amento do Livro do CEA June 26, 2025 Noticias Visita do exmo senhor embaixador do Egipto ao CEA June 26, 2025 Noticias Dia aberto da UEM 19 de junho 2025 June 26, 2025 Noticias IV Semin\u00e1rio sobre Padroniza\u00e7\u00e3o das L\u00ednguas Mo\u00e7ambicanas June 26, 2025 Uncategorized Semin\u00e1rio com parceiros no \u00c2mbito do Projecto de Pesquisa sobre a Contribui\u00e7\u00e3o Economica Das Institui\u00e7\u00f5es Sem Fins Lucrativos Para Emprego Dos Jovens 02 de Abril de 2025 June 26, 2025 Uncategorized 11 de Junho de 2025 &#8211; WorkShop sobre desenvolvimento local ambiental e recursos naturais em Mo\u00e7ambique em parceria com a FRAMO CHS Franco mo\u00e7ambicano Ci\u00eancias Humanas e Sociais June 11, 2025 Noticias Investigadora do CEA, homenageada no Brasil! October 23, 2024 Noticias Melhor funcionario do CEA para ano de 2024 -Mestre Ernesto Dimande October 23, 2024 Noticias NECROLOGIA: Alpheus Manguezi (1934-2024) October 23, 2024<\/p>\n","protected":false},"author":1,"featured_media":0,"parent":0,"menu_order":0,"comment_status":"closed","ping_status":"closed","template":"","meta":{"site-sidebar-layout":"no-sidebar","site-content-layout":"","ast-site-content-layout":"full-width-container","site-content-style":"default","site-sidebar-style":"default","ast-global-header-display":"","ast-banner-title-visibility":"","ast-main-header-display":"","ast-hfb-above-header-display":"","ast-hfb-below-header-display":"","ast-hfb-mobile-header-display":"","site-post-title":"disabled","ast-breadcrumbs-content":"","ast-featured-img":"disabled","footer-sml-layout":"","theme-transparent-header-meta":"","adv-header-id-meta":"","stick-header-meta":"","header-above-stick-meta":"","header-main-stick-meta":"","header-below-stick-meta":"","astra-migrate-meta-layouts":"default","ast-page-background-enabled":"default","ast-page-background-meta":{"desktop":{"background-color":"var(--ast-global-color-5)","background-image":"","background-repeat":"repeat","background-position":"center center","background-size":"auto","background-attachment":"scroll","background-type":"","background-media":"","overlay-type":"","overlay-color":"","overlay-opacity":"","overlay-gradient":""},"tablet":{"background-color":"","background-image":"","background-repeat":"repeat","background-position":"center center","background-size":"auto","background-attachment":"scroll","background-type":"","background-media":"","overlay-type":"","overlay-color":"","overlay-opacity":"","overlay-gradient":""},"mobile":{"background-color":"","background-image":"","background-repeat":"repeat","background-position":"center center","background-size":"auto","background-attachment":"scroll","background-type":"","background-media":"","overlay-type":"","overlay-color":"","overlay-opacity":"","overlay-gradient":""}},"ast-content-background-meta":{"desktop":{"background-color":"var(--ast-global-color-4)","background-image":"","background-repeat":"repeat","background-position":"center center","background-size":"auto","background-attachment":"scroll","background-type":"","background-media":"","overlay-type":"","overlay-color":"","overlay-opacity":"","overlay-gradient":""},"tablet":{"background-color":"var(--ast-global-color-4)","background-image":"","background-repeat":"repeat","background-position":"center center","background-size":"auto","background-attachment":"scroll","background-type":"","background-media":"","overlay-type":"","overlay-color":"","overlay-opacity":"","overlay-gradient":""},"mobile":{"background-color":"var(--ast-global-color-4)","background-image":"","background-repeat":"repeat","background-position":"center center","background-size":"auto","background-attachment":"scroll","background-type":"","background-media":"","overlay-type":"","overlay-color":"","overlay-opacity":"","overlay-gradient":""}},"footnotes":""},"class_list":["post-104","page","type-page","status-publish","hentry"],"_links":{"self":[{"href":"https:\/\/cea.uem.mz\/index.php\/wp-json\/wp\/v2\/pages\/104","targetHints":{"allow":["GET"]}}],"collection":[{"href":"https:\/\/cea.uem.mz\/index.php\/wp-json\/wp\/v2\/pages"}],"about":[{"href":"https:\/\/cea.uem.mz\/index.php\/wp-json\/wp\/v2\/types\/page"}],"author":[{"embeddable":true,"href":"https:\/\/cea.uem.mz\/index.php\/wp-json\/wp\/v2\/users\/1"}],"replies":[{"embeddable":true,"href":"https:\/\/cea.uem.mz\/index.php\/wp-json\/wp\/v2\/comments?post=104"}],"version-history":[{"count":0,"href":"https:\/\/cea.uem.mz\/index.php\/wp-json\/wp\/v2\/pages\/104\/revisions"}],"wp:attachment":[{"href":"https:\/\/cea.uem.mz\/index.php\/wp-json\/wp\/v2\/media?parent=104"}],"curies":[{"name":"wp","href":"https:\/\/api.w.org\/{rel}","templated":true}]}}