{"id":1069,"date":"2024-10-22T12:39:39","date_gmt":"2024-10-22T12:39:39","guid":{"rendered":"https:\/\/cea.ghost.uem.mz\/?page_id=22"},"modified":"2024-10-22T12:39:39","modified_gmt":"2024-10-22T12:39:39","slug":"organograma","status":"publish","type":"page","link":"https:\/\/cea.uem.mz\/index.php\/organograma\/","title":{"rendered":"Organograma"},"content":{"rendered":"\t\t<div data-elementor-type=\"wp-page\" data-elementor-id=\"1069\" class=\"elementor elementor-1069\">\n\t\t\t\t<div class=\"elementor-element elementor-element-6814652 e-flex e-con-boxed wpr-particle-no wpr-jarallax-no wpr-parallax-no wpr-sticky-section-no e-con e-parent\" data-id=\"6814652\" data-element_type=\"container\">\n\t\t\t\t\t<div class=\"e-con-inner\">\n\t\t\t\t<div class=\"elementor-element elementor-element-a8c064e elementor-widget elementor-widget-spacer\" data-id=\"a8c064e\" data-element_type=\"widget\" data-widget_type=\"spacer.default\">\n\t\t\t\t\t\t\t<div class=\"elementor-spacer\">\n\t\t\t<div class=\"elementor-spacer-inner\"><\/div>\n\t\t<\/div>\n\t\t\t\t\t\t<\/div>\n\t\t\t\t\t<\/div>\n\t\t\t\t<\/div>\n\t\t<div class=\"elementor-element elementor-element-5d29398 e-flex e-con-boxed wpr-particle-no wpr-jarallax-no wpr-parallax-no wpr-sticky-section-no e-con e-parent\" data-id=\"5d29398\" data-element_type=\"container\">\n\t\t\t\t\t<div class=\"e-con-inner\">\n\t\t\t\t<div class=\"elementor-element elementor-element-cf51914 elementor-widget elementor-widget-heading\" data-id=\"cf51914\" data-element_type=\"widget\" data-widget_type=\"heading.default\">\n\t\t\t\t\t<h2 class=\"elementor-heading-title elementor-size-default\">Organograma<\/h2>\t\t\t\t<\/div>\n\t\t\t\t\t<\/div>\n\t\t\t\t<\/div>\n\t\t<div class=\"elementor-element elementor-element-a0be469 e-flex e-con-boxed wpr-particle-no wpr-jarallax-no wpr-parallax-no wpr-sticky-section-no e-con e-parent\" data-id=\"a0be469\" data-element_type=\"container\">\n\t\t\t\t\t<div class=\"e-con-inner\">\n\t\t<div class=\"elementor-element elementor-element-3725f8a e-con-full e-flex wpr-particle-no wpr-jarallax-no wpr-parallax-no wpr-sticky-section-no e-con e-child\" data-id=\"3725f8a\" data-element_type=\"container\">\n\t\t\t\t<div class=\"elementor-element elementor-element-48352ca elementor-widget elementor-widget-image\" data-id=\"48352ca\" data-element_type=\"widget\" data-widget_type=\"image.default\">\n\t\t\t\t\t\t\t\t\t\t\t\t\t\t\t<img fetchpriority=\"high\" decoding=\"async\" width=\"1024\" height=\"576\" src=\"https:\/\/cea.uem.mz\/wp-content\/uploads\/2025\/07\/Sitemap-1-1024x576.png\" class=\"attachment-large size-large wp-image-1119\" alt=\"\" srcset=\"https:\/\/cea.uem.mz\/wp-content\/uploads\/2025\/07\/Sitemap-1-1024x576.png 1024w, https:\/\/cea.uem.mz\/wp-content\/uploads\/2025\/07\/Sitemap-1-300x169.png 300w, https:\/\/cea.uem.mz\/wp-content\/uploads\/2025\/07\/Sitemap-1-768x432.png 768w, https:\/\/cea.uem.mz\/wp-content\/uploads\/2025\/07\/Sitemap-1-1536x864.png 1536w, https:\/\/cea.uem.mz\/wp-content\/uploads\/2025\/07\/Sitemap-1.png 1920w\" sizes=\"(max-width: 1024px) 100vw, 1024px\" \/>\t\t\t\t\t\t\t\t\t\t\t\t\t\t\t<\/div>\n\t\t\t\t<div class=\"elementor-element elementor-element-9ac732a elementor-widget elementor-widget-spacer\" data-id=\"9ac732a\" data-element_type=\"widget\" data-widget_type=\"spacer.default\">\n\t\t\t\t\t\t\t<div class=\"elementor-spacer\">\n\t\t\t<div class=\"elementor-spacer-inner\"><\/div>\n\t\t<\/div>\n\t\t\t\t\t\t<\/div>\n\t\t\t\t<\/div>\n\t\t\t\t\t<\/div>\n\t\t\t\t<\/div>\n\t\t<div class=\"elementor-element elementor-element-b5b8f0f e-flex e-con-boxed wpr-particle-no wpr-jarallax-no wpr-parallax-no wpr-sticky-section-no e-con e-parent\" data-id=\"b5b8f0f\" data-element_type=\"container\">\n\t\t\t\t\t<div class=\"e-con-inner\">\n\t\t\t\t<div class=\"elementor-element elementor-element-8d177e1 elementor-widget elementor-widget-text-editor\" data-id=\"8d177e1\" data-element_type=\"widget\" data-widget_type=\"text-editor.default\">\n\t\t\t\t\t\t\t\t\t<table width=\"930\"><tbody><tr><td width=\"54\">\u00a0<\/td><td width=\"312\"><p><strong>CONSELHO DO CEA<\/strong><\/p><\/td><td width=\"252\"><p><strong>CONSELHO DE DIREC\u00c3O<\/strong><\/p><\/td><td width=\"312\"><p><strong>CONSELHO CI\u00caNTIF\u00cdCO<\/strong><\/p><\/td><\/tr><tr><td width=\"54\"><p><strong>01<\/strong><\/p><\/td><td width=\"312\"><p><strong>Prof<\/strong><strong>\u00ba<\/strong><strong>. Doutor Carlos Arnaldo\u00a0 ( Presedente )<\/strong><\/p><\/td><td width=\"252\"><p><strong>Carlos Arnaldo\u00a0 ( Presedente )<\/strong><\/p><\/td><td width=\"312\"><p><strong>Prof<\/strong><strong>\u00aa<\/strong><strong> Doutora Teresa Manjate\u00a0 ( Coordenadora )<\/strong><\/p><\/td><\/tr><tr><td width=\"54\"><p><strong>02<\/strong><\/p><\/td><td width=\"312\"><p>Doutora Susana Maleane<\/p><\/td><td width=\"252\"><p>Doutor Carlos Fernandes<\/p><\/td><td width=\"312\"><p>Carlos Fernandes<\/p><\/td><\/tr><tr><td width=\"54\"><p><strong>03<\/strong><\/p><\/td><td width=\"312\"><p>Doutor Carlos \u00a0Manuel Fernandes<\/p><\/td><td width=\"252\"><p>Doutora Susana Maleane<\/p><\/td><td width=\"312\"><p>Prof\u00aa Doutora Ana Piedade Monteiro<\/p><\/td><\/tr><tr><td width=\"54\"><p><strong>04<\/strong><\/p><\/td><td width=\"312\"><p>Dr. Vitor Macuvel<\/p><\/td><td width=\"252\"><p>Doutor Chapane Mutiwa<\/p><\/td><td width=\"312\"><p>Doutora Cris\u00f3fia Langa da C\u00e2mera<\/p><\/td><\/tr><tr><td width=\"54\"><p><strong>05<\/strong><\/p><\/td><td width=\"312\"><p>Doutor H\u00e9lio Maungue<\/p><\/td><td width=\"252\"><p>Doutora M\u00f3nica Frederico<\/p><\/td><td width=\"312\"><p>Doutor Chapane Mutiua<\/p><\/td><\/tr><tr><td width=\"54\"><p><strong>06<\/strong><\/p><\/td><td width=\"312\"><p>Mestre Olivia Chiziane<\/p><\/td><td width=\"252\"><p>Doutora Cris\u00f3fia Langa da C\u00e1mara<\/p><\/td><td width=\"312\">\u00a0<\/td><\/tr><tr><td width=\"54\"><p><strong>07<\/strong><\/p><\/td><td width=\"312\"><p>Mestre Gildo Chilundo<\/p><\/td><td width=\"252\"><p>Dr. Vitor Macuvel<\/p><\/td><td width=\"312\">\u00a0<\/td><\/tr><tr><td width=\"54\"><p><strong>08<\/strong><\/p><\/td><td width=\"312\"><p>Doutora Cris\u00f3fia Langa da Camera<\/p><\/td><td width=\"252\"><p>Mestre Gildo Chilundo<\/p><\/td><td width=\"312\">\u00a0<\/td><\/tr><tr><td width=\"54\"><p><strong>09<\/strong><\/p><\/td><td width=\"312\"><p>Doutora M\u00f3nica Frederico<\/p><\/td><td width=\"252\">\u00a0<\/td><td width=\"312\">\u00a0<\/td><\/tr><tr><td width=\"54\"><p><strong>10<\/strong><\/p><\/td><td width=\"312\"><p>Prof\u00aa Doutora Teresa Manjate<\/p><\/td><td width=\"252\">\u00a0<\/td><td width=\"312\">\u00a0<\/td><\/tr><tr><td width=\"54\"><p><strong>11<\/strong><\/p><\/td><td width=\"312\"><p>Doutor Chapane Mutiua<\/p><\/td><td width=\"252\"><p><strong>\u00a0<\/strong><\/p><\/td><td width=\"312\"><p><strong>\u00a0<\/strong><\/p><\/td><\/tr><\/tbody><\/table>\t\t\t\t\t\t\t\t<\/div>\n\t\t\t\t\t<\/div>\n\t\t\t\t<\/div>\n\t\t<div class=\"elementor-element elementor-element-dce138a e-flex e-con-boxed wpr-particle-no wpr-jarallax-no wpr-parallax-no wpr-sticky-section-no e-con e-parent\" data-id=\"dce138a\" data-element_type=\"container\">\n\t\t\t\t\t<div class=\"e-con-inner\">\n\t\t\t\t<div class=\"elementor-element elementor-element-adc6151 elementor-widget elementor-widget-spacer\" data-id=\"adc6151\" data-element_type=\"widget\" data-widget_type=\"spacer.default\">\n\t\t\t\t\t\t\t<div class=\"elementor-spacer\">\n\t\t\t<div class=\"elementor-spacer-inner\"><\/div>\n\t\t<\/div>\n\t\t\t\t\t\t<\/div>\n\t\t\t\t\t<\/div>\n\t\t\t\t<\/div>\n\t\t\t\t<\/div>\n\t\t","protected":false},"excerpt":{"rendered":"<p>Organograma \u00a0 CONSELHO DO CEA CONSELHO DE DIREC\u00c3O CONSELHO CI\u00caNTIF\u00cdCO 01 Prof\u00ba. Doutor Carlos Arnaldo\u00a0 ( Presedente ) Carlos Arnaldo\u00a0 ( Presedente ) Prof\u00aa Doutora Teresa Manjate\u00a0 ( Coordenadora ) 02 Doutora Susana Maleane Doutor Carlos Fernandes Carlos Fernandes 03 Doutor Carlos \u00a0Manuel Fernandes Doutora Susana Maleane Prof\u00aa Doutora Ana Piedade Monteiro 04 Dr. Vitor Macuvel Doutor Chapane Mutiwa Doutora Cris\u00f3fia Langa da C\u00e2mera 05 Doutor H\u00e9lio Maungue Doutora M\u00f3nica Frederico Doutor Chapane Mutiua 06 Mestre Olivia Chiziane Doutora Cris\u00f3fia Langa da C\u00e1mara \u00a0 07 Mestre Gildo Chilundo Dr. Vitor Macuvel \u00a0 08 Doutora Cris\u00f3fia Langa da Camera Mestre Gildo Chilundo \u00a0 09 Doutora M\u00f3nica Frederico \u00a0 \u00a0 10 Prof\u00aa Doutora Teresa Manjate \u00a0 \u00a0 11 Doutor Chapane Mutiua \u00a0 \u00a0<\/p>\n","protected":false},"author":1,"featured_media":0,"parent":0,"menu_order":0,"comment_status":"closed","ping_status":"closed","template":"","meta":{"site-sidebar-layout":"no-sidebar","site-content-layout":"","ast-site-content-layout":"full-width-container","site-content-style":"default","site-sidebar-style":"default","ast-global-header-display":"","ast-banner-title-visibility":"","ast-main-header-display":"","ast-hfb-above-header-display":"","ast-hfb-below-header-display":"","ast-hfb-mobile-header-display":"","site-post-title":"disabled","ast-breadcrumbs-content":"","ast-featured-img":"disabled","footer-sml-layout":"","theme-transparent-header-meta":"","adv-header-id-meta":"","stick-header-meta":"","header-above-stick-meta":"","header-main-stick-meta":"","header-below-stick-meta":"","astra-migrate-meta-layouts":"default","ast-page-background-enabled":"default","ast-page-background-meta":{"desktop":{"background-color":"var(--ast-global-color-5)","background-image":"","background-repeat":"repeat","background-position":"center center","background-size":"auto","background-attachment":"scroll","background-type":"","background-media":"","overlay-type":"","overlay-color":"","overlay-opacity":"","overlay-gradient":""},"tablet":{"background-color":"","background-image":"","background-repeat":"repeat","background-position":"center center","background-size":"auto","background-attachment":"scroll","background-type":"","background-media":"","overlay-type":"","overlay-color":"","overlay-opacity":"","overlay-gradient":""},"mobile":{"background-color":"","background-image":"","background-repeat":"repeat","background-position":"center center","background-size":"auto","background-attachment":"scroll","background-type":"","background-media":"","overlay-type":"","overlay-color":"","overlay-opacity":"","overlay-gradient":""}},"ast-content-background-meta":{"desktop":{"background-color":"var(--ast-global-color-4)","background-image":"","background-repeat":"repeat","background-position":"center center","background-size":"auto","background-attachment":"scroll","background-type":"","background-media":"","overlay-type":"","overlay-color":"","overlay-opacity":"","overlay-gradient":""},"tablet":{"background-color":"var(--ast-global-color-4)","background-image":"","background-repeat":"repeat","background-position":"center center","background-size":"auto","background-attachment":"scroll","background-type":"","background-media":"","overlay-type":"","overlay-color":"","overlay-opacity":"","overlay-gradient":""},"mobile":{"background-color":"var(--ast-global-color-4)","background-image":"","background-repeat":"repeat","background-position":"center center","background-size":"auto","background-attachment":"scroll","background-type":"","background-media":"","overlay-type":"","overlay-color":"","overlay-opacity":"","overlay-gradient":""}},"footnotes":""},"class_list":["post-1069","page","type-page","status-publish","hentry"],"_links":{"self":[{"href":"https:\/\/cea.uem.mz\/index.php\/wp-json\/wp\/v2\/pages\/1069","targetHints":{"allow":["GET"]}}],"collection":[{"href":"https:\/\/cea.uem.mz\/index.php\/wp-json\/wp\/v2\/pages"}],"about":[{"href":"https:\/\/cea.uem.mz\/index.php\/wp-json\/wp\/v2\/types\/page"}],"author":[{"embeddable":true,"href":"https:\/\/cea.uem.mz\/index.php\/wp-json\/wp\/v2\/users\/1"}],"replies":[{"embeddable":true,"href":"https:\/\/cea.uem.mz\/index.php\/wp-json\/wp\/v2\/comments?post=1069"}],"version-history":[{"count":0,"href":"https:\/\/cea.uem.mz\/index.php\/wp-json\/wp\/v2\/pages\/1069\/revisions"}],"wp:attachment":[{"href":"https:\/\/cea.uem.mz\/index.php\/wp-json\/wp\/v2\/media?parent=1069"}],"curies":[{"name":"wp","href":"https:\/\/api.w.org\/{rel}","templated":true}]}}