{"id":53,"date":"2024-10-22T12:43:58","date_gmt":"2024-10-22T12:43:58","guid":{"rendered":"https:\/\/cea.ghost.uem.mz\/?page_id=53"},"modified":"2024-10-22T12:43:58","modified_gmt":"2024-10-22T12:43:58","slug":"direccao","status":"publish","type":"page","link":"https:\/\/cea.uem.mz\/index.php\/direccao\/","title":{"rendered":"Direc\u00e7\u00e3o"},"content":{"rendered":"\t\t<div data-elementor-type=\"wp-page\" data-elementor-id=\"53\" class=\"elementor elementor-53\">\n\t\t\t\t<div class=\"elementor-element elementor-element-86b5af3 e-flex e-con-boxed wpr-particle-no wpr-jarallax-no wpr-parallax-no wpr-sticky-section-no e-con e-parent\" data-id=\"86b5af3\" data-element_type=\"container\">\n\t\t\t\t\t<div class=\"e-con-inner\">\n\t\t\t\t<div class=\"elementor-element elementor-element-6545c35 elementor-widget elementor-widget-heading\" data-id=\"6545c35\" data-element_type=\"widget\" data-widget_type=\"heading.default\">\n\t\t\t\t\t<h2 class=\"elementor-heading-title elementor-size-default\">Direc\u00e7\u00e3o<\/h2>\t\t\t\t<\/div>\n\t\t\t\t<div class=\"elementor-element elementor-element-a932d26 elementor-widget-divider--view-line elementor-widget elementor-widget-divider\" data-id=\"a932d26\" data-element_type=\"widget\" data-widget_type=\"divider.default\">\n\t\t\t\t\t\t\t<div class=\"elementor-divider\">\n\t\t\t<span class=\"elementor-divider-separator\">\n\t\t\t\t\t\t<\/span>\n\t\t<\/div>\n\t\t\t\t\t\t<\/div>\n\t\t\t\t\t<\/div>\n\t\t\t\t<\/div>\n\t\t<div class=\"elementor-element elementor-element-1aa0ee8 e-flex e-con-boxed wpr-particle-no wpr-jarallax-no wpr-parallax-no wpr-sticky-section-no e-con e-parent\" data-id=\"1aa0ee8\" data-element_type=\"container\">\n\t\t\t\t\t<div class=\"e-con-inner\">\n\t\t<div class=\"elementor-element elementor-element-03ef1b9 e-con-full e-flex wpr-particle-no wpr-jarallax-no wpr-parallax-no wpr-sticky-section-no e-con e-child\" data-id=\"03ef1b9\" data-element_type=\"container\">\n\t\t\t\t<div class=\"elementor-element elementor-element-d0e7045 elementor-widget elementor-widget-image\" data-id=\"d0e7045\" data-element_type=\"widget\" data-widget_type=\"image.default\">\n\t\t\t\t\t\t\t\t\t\t\t\t\t\t\t<img fetchpriority=\"high\" decoding=\"async\" width=\"233\" height=\"300\" src=\"https:\/\/cea.uem.mz\/wp-content\/uploads\/2025\/07\/Director-Carlos-Arnaldo_2017-v2-233x300.jpg\" class=\"attachment-medium size-medium wp-image-1097\" alt=\"\" srcset=\"https:\/\/cea.uem.mz\/wp-content\/uploads\/2025\/07\/Director-Carlos-Arnaldo_2017-v2-233x300.jpg 233w, https:\/\/cea.uem.mz\/wp-content\/uploads\/2025\/07\/Director-Carlos-Arnaldo_2017-v2.jpg 413w\" sizes=\"(max-width: 233px) 100vw, 233px\" \/>\t\t\t\t\t\t\t\t\t\t\t\t\t\t\t<\/div>\n\t\t\t\t<\/div>\n\t\t<div class=\"elementor-element elementor-element-a00eb57 e-con-full e-flex wpr-particle-no wpr-jarallax-no wpr-parallax-no wpr-sticky-section-no e-con e-child\" data-id=\"a00eb57\" data-element_type=\"container\">\n\t\t\t\t<div class=\"elementor-element elementor-element-0c71cfc elementor-widget elementor-widget-heading\" data-id=\"0c71cfc\" data-element_type=\"widget\" data-widget_type=\"heading.default\">\n\t\t\t\t\t<h2 class=\"elementor-heading-title elementor-size-default\">Carlos Arnaldo<\/h2>\t\t\t\t<\/div>\n\t\t\t\t<div class=\"elementor-element elementor-element-e8c5cd1 elementor-widget elementor-widget-text-editor\" data-id=\"e8c5cd1\" data-element_type=\"widget\" data-widget_type=\"text-editor.default\">\n\t\t\t\t\t\t\t\t\t<h3>Director do Centro de Estudos Africanos<\/h3>\t\t\t\t\t\t\t\t<\/div>\n\t\t\t\t<div class=\"elementor-element elementor-element-92069ef elementor-widget elementor-widget-text-editor\" data-id=\"92069ef\" data-element_type=\"widget\" data-widget_type=\"text-editor.default\">\n\t\t\t\t\t\t\t\t\t<p>Antes a assumir a direc\u00e7\u00e3o do CEA, Arnaldo foi Director\u2013Adjunto para Investiga\u00e7\u00e3o e Extens\u00e3o no Centro de Estudos Africanos (2007-2015) e Director-Adjunto para P\u00f3s-gradua\u00e7\u00e3o e Pesquisa na Faculdade de Letras e Ci\u00eancias Sociais (2004-2007). \u00c9 Professor Associado de Demografia na Universidade Eduardo Mondlane (UEM), Doutorado em Demografia (2003)\u00a0<i>e\u00a0<\/i>Mestre em Estudos de Popula\u00e7\u00e3o (1999) pela\u00a0<i>Australian National University<\/i>\u00a0e Licenciado em Geografia (1996) pela UEM<i>.<\/i><\/p>\t\t\t\t\t\t\t\t<\/div>\n\t\t\t\t<\/div>\n\t\t\t\t\t<\/div>\n\t\t\t\t<\/div>\n\t\t<div class=\"elementor-element elementor-element-1979a0e e-flex e-con-boxed wpr-particle-no wpr-jarallax-no wpr-parallax-no wpr-sticky-section-no e-con e-parent\" data-id=\"1979a0e\" data-element_type=\"container\">\n\t\t\t\t\t<div class=\"e-con-inner\">\n\t\t<div class=\"elementor-element elementor-element-57eef25 e-con-full e-flex wpr-particle-no wpr-jarallax-no wpr-parallax-no wpr-sticky-section-no e-con e-child\" data-id=\"57eef25\" data-element_type=\"container\">\n\t\t\t\t<div class=\"elementor-element elementor-element-9f453fa elementor-widget elementor-widget-image\" data-id=\"9f453fa\" data-element_type=\"widget\" data-widget_type=\"image.default\">\n\t\t\t\t\t\t\t\t\t\t\t\t\t\t\t<img decoding=\"async\" width=\"225\" height=\"300\" src=\"https:\/\/cea.uem.mz\/wp-content\/uploads\/2025\/07\/Doutora-Susana-Maleane-v2-225x300.jpg\" class=\"attachment-medium size-medium wp-image-1098\" alt=\"\" srcset=\"https:\/\/cea.uem.mz\/wp-content\/uploads\/2025\/07\/Doutora-Susana-Maleane-v2-225x300.jpg 225w, https:\/\/cea.uem.mz\/wp-content\/uploads\/2025\/07\/Doutora-Susana-Maleane-v2-767x1024.jpg 767w, https:\/\/cea.uem.mz\/wp-content\/uploads\/2025\/07\/Doutora-Susana-Maleane-v2-768x1025.jpg 768w, https:\/\/cea.uem.mz\/wp-content\/uploads\/2025\/07\/Doutora-Susana-Maleane-v2.jpg 959w\" sizes=\"(max-width: 225px) 100vw, 225px\" \/>\t\t\t\t\t\t\t\t\t\t\t\t\t\t\t<\/div>\n\t\t\t\t<\/div>\n\t\t<div class=\"elementor-element elementor-element-f328ce7 e-con-full e-flex wpr-particle-no wpr-jarallax-no wpr-parallax-no wpr-sticky-section-no e-con e-child\" data-id=\"f328ce7\" data-element_type=\"container\">\n\t\t\t\t<div class=\"elementor-element elementor-element-6b9c440 elementor-widget elementor-widget-heading\" data-id=\"6b9c440\" data-element_type=\"widget\" data-widget_type=\"heading.default\">\n\t\t\t\t\t<h2 class=\"elementor-heading-title elementor-size-default\">Susana Maleane<\/h2>\t\t\t\t<\/div>\n\t\t\t\t<div class=\"elementor-element elementor-element-daa0648 elementor-widget elementor-widget-text-editor\" data-id=\"daa0648\" data-element_type=\"widget\" data-widget_type=\"text-editor.default\">\n\t\t\t\t\t\t\t\t\t<h3>Diretora-Adjunta para Administra\u00e7\u00e3o e Coopera\u00e7\u00e3o<\/h3>\t\t\t\t\t\t\t\t<\/div>\n\t\t\t\t<div class=\"elementor-element elementor-element-35889d0 elementor-widget elementor-widget-text-editor\" data-id=\"35889d0\" data-element_type=\"widget\" data-widget_type=\"text-editor.default\">\n\t\t\t\t\t\t\t\t\t<p>\u00c9 especialista em Ci\u00eancia da Informa\u00e7\u00e3o, docente na Escola de Comunica\u00e7\u00e3o e Artes, investigadora , no Centro de Estudos Africanos (CEA) da Universidade Eduardo Mondlane (UEM). De (2004-2014), Exerceu fun\u00e7\u00f5es de chefe de Departamento de Informa\u00e7\u00e3o e Documenta\u00e7\u00e3o do CEA; \u00e9 Doutorada em Ci\u00eancia da Informa\u00e7\u00e3o (2012), Mestre em Ci\u00eancia da Informa\u00e7\u00e3o (2003), licenciada em Biblioteconomia pela Universidade de Bras\u00edlia (UnB), Brasil. Desenvolve trabalhos de pesquisa nas \u00e1reas de Comunica\u00e7\u00e3o Cient\u00edfica, Tecnologias de Informa\u00e7\u00e3o e Comunica\u00e7\u00e3o, Inclus\u00e3o\/Exclus\u00e3o Social e Digital, Cultura e Cidadania.<\/p>\t\t\t\t\t\t\t\t<\/div>\n\t\t\t\t<\/div>\n\t\t\t\t\t<\/div>\n\t\t\t\t<\/div>\n\t\t<div class=\"elementor-element elementor-element-4ee44c1 e-flex e-con-boxed wpr-particle-no wpr-jarallax-no wpr-parallax-no wpr-sticky-section-no e-con e-parent\" data-id=\"4ee44c1\" data-element_type=\"container\">\n\t\t\t\t\t<div class=\"e-con-inner\">\n\t\t<div class=\"elementor-element elementor-element-60292ab e-con-full e-flex wpr-particle-no wpr-jarallax-no wpr-parallax-no wpr-sticky-section-no e-con e-child\" data-id=\"60292ab\" data-element_type=\"container\">\n\t\t\t\t<div class=\"elementor-element elementor-element-d543abf elementor-widget elementor-widget-image\" data-id=\"d543abf\" data-element_type=\"widget\" data-widget_type=\"image.default\">\n\t\t\t\t\t\t\t\t\t\t\t\t\t\t\t<img decoding=\"async\" width=\"200\" height=\"271\" src=\"https:\/\/cea.uem.mz\/wp-content\/uploads\/2025\/07\/m_Carlos-Fernandes1694689578.jpg\" class=\"attachment-medium size-medium wp-image-1099\" alt=\"\" \/>\t\t\t\t\t\t\t\t\t\t\t\t\t\t\t<\/div>\n\t\t\t\t<\/div>\n\t\t<div class=\"elementor-element elementor-element-d33820c e-con-full e-flex wpr-particle-no wpr-jarallax-no wpr-parallax-no wpr-sticky-section-no e-con e-child\" data-id=\"d33820c\" data-element_type=\"container\">\n\t\t\t\t<div class=\"elementor-element elementor-element-d5dc61a elementor-widget elementor-widget-heading\" data-id=\"d5dc61a\" data-element_type=\"widget\" data-widget_type=\"heading.default\">\n\t\t\t\t\t<h2 class=\"elementor-heading-title elementor-size-default\">Carlos Fernandes<\/h2>\t\t\t\t<\/div>\n\t\t\t\t<div class=\"elementor-element elementor-element-d6bdd7a elementor-widget elementor-widget-text-editor\" data-id=\"d6bdd7a\" data-element_type=\"widget\" data-widget_type=\"text-editor.default\">\n\t\t\t\t\t\t\t\t\t<h3>Director Adjunto para Investiga\u00e7\u00e3o e Extens\u00e3o<\/h3>\t\t\t\t\t\t\t\t<\/div>\n\t\t\t\t<div class=\"elementor-element elementor-element-e5de51c elementor-widget elementor-widget-text-editor\" data-id=\"e5de51c\" data-element_type=\"widget\" data-widget_type=\"text-editor.default\">\n\t\t\t\t\t\t\t\t\t<p>Carlos Fernandes, Investigador Assistente e Director-Adjunto para investiga\u00e7\u00e3o e extens\u00e3o do CEA-UEM. \u00c9 doutorado em Estudos Africanos pela Universidade Federal da Bahia, Brasil. Foi p\u00f3s-doutorado na Universidade do Cabo Ocidental (2012-2013), na Universidade de Fort Hare (2013-2014) ambas na \u00c1frica do Sul, e na Universidade da Basileia na Su\u00ed\u00e7a (2014-2015). Tem artigos publicados na\u00a0<em>Identity &amp;Culture, Kronos, Journal of Southern African Studies, Afro-Asia, Social Dynamics, American Historical Review e Journal of African History<\/em>. Os seus interesses de pesquisa situam-se na \u00e1rea da sociologia do conhecimento, hist\u00f3ria intelectual e condi\u00e7\u00f5es sociais da produ\u00e7\u00e3o do conhecimento em \u00c1frica (com especial destaque para Mo\u00e7ambique).<\/p>\t\t\t\t\t\t\t\t<\/div>\n\t\t\t\t<\/div>\n\t\t\t\t\t<\/div>\n\t\t\t\t<\/div>\n\t\t\t\t<\/div>\n\t\t","protected":false},"excerpt":{"rendered":"<p>Direc\u00e7\u00e3o Carlos Arnaldo Director do Centro de Estudos Africanos Antes a assumir a direc\u00e7\u00e3o do CEA, Arnaldo foi Director\u2013Adjunto para Investiga\u00e7\u00e3o e Extens\u00e3o no Centro de Estudos Africanos (2007-2015) e Director-Adjunto para P\u00f3s-gradua\u00e7\u00e3o e Pesquisa na Faculdade de Letras e Ci\u00eancias Sociais (2004-2007). \u00c9 Professor Associado de Demografia na Universidade Eduardo Mondlane (UEM), Doutorado em Demografia (2003)\u00a0e\u00a0Mestre em Estudos de Popula\u00e7\u00e3o (1999) pela\u00a0Australian National University\u00a0e Licenciado em Geografia (1996) pela UEM. Susana Maleane Diretora-Adjunta para Administra\u00e7\u00e3o e Coopera\u00e7\u00e3o \u00c9 especialista em Ci\u00eancia da Informa\u00e7\u00e3o, docente na Escola de Comunica\u00e7\u00e3o e Artes, investigadora , no Centro de Estudos Africanos (CEA) da Universidade Eduardo Mondlane (UEM). De (2004-2014), Exerceu fun\u00e7\u00f5es de chefe de Departamento de Informa\u00e7\u00e3o e Documenta\u00e7\u00e3o do CEA; \u00e9 Doutorada em Ci\u00eancia da Informa\u00e7\u00e3o (2012), Mestre em Ci\u00eancia da Informa\u00e7\u00e3o (2003), licenciada em Biblioteconomia pela Universidade de Bras\u00edlia (UnB), Brasil. Desenvolve trabalhos de pesquisa nas \u00e1reas de Comunica\u00e7\u00e3o Cient\u00edfica, Tecnologias de Informa\u00e7\u00e3o e Comunica\u00e7\u00e3o, Inclus\u00e3o\/Exclus\u00e3o Social e Digital, Cultura e Cidadania. Carlos Fernandes Director Adjunto para Investiga\u00e7\u00e3o e Extens\u00e3o Carlos Fernandes, Investigador Assistente e Director-Adjunto para investiga\u00e7\u00e3o e extens\u00e3o do CEA-UEM. \u00c9 doutorado em Estudos Africanos pela Universidade Federal da Bahia, Brasil. Foi p\u00f3s-doutorado na Universidade do Cabo Ocidental (2012-2013), na Universidade de Fort Hare (2013-2014) ambas na \u00c1frica do Sul, e na Universidade da Basileia na Su\u00ed\u00e7a (2014-2015). Tem artigos publicados na\u00a0Identity &amp;Culture, Kronos, Journal of Southern African Studies, Afro-Asia, Social Dynamics, American Historical Review e Journal of African History. Os seus interesses de pesquisa situam-se na \u00e1rea da sociologia do conhecimento, hist\u00f3ria intelectual e condi\u00e7\u00f5es sociais da produ\u00e7\u00e3o do conhecimento em \u00c1frica (com especial destaque para Mo\u00e7ambique).<\/p>\n","protected":false},"author":1,"featured_media":0,"parent":0,"menu_order":0,"comment_status":"closed","ping_status":"closed","template":"","meta":{"site-sidebar-layout":"no-sidebar","site-content-layout":"","ast-site-content-layout":"full-width-container","site-content-style":"default","site-sidebar-style":"default","ast-global-header-display":"","ast-banner-title-visibility":"","ast-main-header-display":"","ast-hfb-above-header-display":"","ast-hfb-below-header-display":"","ast-hfb-mobile-header-display":"","site-post-title":"disabled","ast-breadcrumbs-content":"","ast-featured-img":"disabled","footer-sml-layout":"","theme-transparent-header-meta":"","adv-header-id-meta":"","stick-header-meta":"","header-above-stick-meta":"","header-main-stick-meta":"","header-below-stick-meta":"","astra-migrate-meta-layouts":"default","ast-page-background-enabled":"default","ast-page-background-meta":{"desktop":{"background-color":"var(--ast-global-color-5)","background-image":"","background-repeat":"repeat","background-position":"center center","background-size":"auto","background-attachment":"scroll","background-type":"","background-media":"","overlay-type":"","overlay-color":"","overlay-opacity":"","overlay-gradient":""},"tablet":{"background-color":"","background-image":"","background-repeat":"repeat","background-position":"center center","background-size":"auto","background-attachment":"scroll","background-type":"","background-media":"","overlay-type":"","overlay-color":"","overlay-opacity":"","overlay-gradient":""},"mobile":{"background-color":"","background-image":"","background-repeat":"repeat","background-position":"center center","background-size":"auto","background-attachment":"scroll","background-type":"","background-media":"","overlay-type":"","overlay-color":"","overlay-opacity":"","overlay-gradient":""}},"ast-content-background-meta":{"desktop":{"background-color":"var(--ast-global-color-4)","background-image":"","background-repeat":"repeat","background-position":"center center","background-size":"auto","background-attachment":"scroll","background-type":"","background-media":"","overlay-type":"","overlay-color":"","overlay-opacity":"","overlay-gradient":""},"tablet":{"background-color":"var(--ast-global-color-4)","background-image":"","background-repeat":"repeat","background-position":"center center","background-size":"auto","background-attachment":"scroll","background-type":"","background-media":"","overlay-type":"","overlay-color":"","overlay-opacity":"","overlay-gradient":""},"mobile":{"background-color":"var(--ast-global-color-4)","background-image":"","background-repeat":"repeat","background-position":"center center","background-size":"auto","background-attachment":"scroll","background-type":"","background-media":"","overlay-type":"","overlay-color":"","overlay-opacity":"","overlay-gradient":""}},"footnotes":""},"class_list":["post-53","page","type-page","status-publish","hentry"],"_links":{"self":[{"href":"https:\/\/cea.uem.mz\/index.php\/wp-json\/wp\/v2\/pages\/53","targetHints":{"allow":["GET"]}}],"collection":[{"href":"https:\/\/cea.uem.mz\/index.php\/wp-json\/wp\/v2\/pages"}],"about":[{"href":"https:\/\/cea.uem.mz\/index.php\/wp-json\/wp\/v2\/types\/page"}],"author":[{"embeddable":true,"href":"https:\/\/cea.uem.mz\/index.php\/wp-json\/wp\/v2\/users\/1"}],"replies":[{"embeddable":true,"href":"https:\/\/cea.uem.mz\/index.php\/wp-json\/wp\/v2\/comments?post=53"}],"version-history":[{"count":0,"href":"https:\/\/cea.uem.mz\/index.php\/wp-json\/wp\/v2\/pages\/53\/revisions"}],"wp:attachment":[{"href":"https:\/\/cea.uem.mz\/index.php\/wp-json\/wp\/v2\/media?parent=53"}],"curies":[{"name":"wp","href":"https:\/\/api.w.org\/{rel}","templated":true}]}}