{"id":67,"date":"2024-10-22T12:46:06","date_gmt":"2024-10-22T12:46:06","guid":{"rendered":"https:\/\/cea.ghost.uem.mz\/?page_id=67"},"modified":"2024-10-22T12:46:06","modified_gmt":"2024-10-22T12:46:06","slug":"linhas-de-investigacao","status":"publish","type":"page","link":"https:\/\/cea.uem.mz\/index.php\/linhas-de-investigacao\/","title":{"rendered":"Linhas de Investiga\u00e7\u00e3o"},"content":{"rendered":"\t\t<div data-elementor-type=\"wp-page\" data-elementor-id=\"67\" class=\"elementor elementor-67\">\n\t\t\t\t<div class=\"elementor-element elementor-element-6748292 e-flex e-con-boxed wpr-particle-no wpr-jarallax-no wpr-parallax-no wpr-sticky-section-no e-con e-parent\" data-id=\"6748292\" data-element_type=\"container\">\n\t\t\t\t\t<div class=\"e-con-inner\">\n\t\t\t\t<div class=\"elementor-element elementor-element-35e62c1 elementor-widget elementor-widget-spacer\" data-id=\"35e62c1\" data-element_type=\"widget\" data-widget_type=\"spacer.default\">\n\t\t\t\t\t\t\t<div class=\"elementor-spacer\">\n\t\t\t<div class=\"elementor-spacer-inner\"><\/div>\n\t\t<\/div>\n\t\t\t\t\t\t<\/div>\n\t\t\t\t\t<\/div>\n\t\t\t\t<\/div>\n\t\t<div class=\"elementor-element elementor-element-b4d4e00 e-flex e-con-boxed wpr-particle-no wpr-jarallax-no wpr-parallax-no wpr-sticky-section-no e-con e-parent\" data-id=\"b4d4e00\" data-element_type=\"container\">\n\t\t\t\t\t<div class=\"e-con-inner\">\n\t\t\t\t<div class=\"elementor-element elementor-element-a974613 elementor-widget elementor-widget-heading\" data-id=\"a974613\" data-element_type=\"widget\" data-widget_type=\"heading.default\">\n\t\t\t\t\t<h2 class=\"elementor-heading-title elementor-size-default\">Linhas de Investiga\u00e7\u00e3o<\/h2>\t\t\t\t<\/div>\n\t\t\t\t\t<\/div>\n\t\t\t\t<\/div>\n\t\t<div class=\"elementor-element elementor-element-ecafd82 e-flex e-con-boxed wpr-particle-no wpr-jarallax-no wpr-parallax-no wpr-sticky-section-no e-con e-parent\" data-id=\"ecafd82\" data-element_type=\"container\">\n\t\t\t\t\t<div class=\"e-con-inner\">\n\t\t\t\t<div class=\"elementor-element elementor-element-ad85822 elementor-widget elementor-widget-text-editor\" data-id=\"ad85822\" data-element_type=\"widget\" data-widget_type=\"text-editor.default\">\n\t\t\t\t\t\t\t\t\t<p>A agenda de investiga\u00e7\u00e3o do CEA para o presente dec\u00e9nio est\u00e1 em conson\u00e2ncia com o Plano Estrat\u00e9gico da UEM e capitaliza do capital humano e institucional dispon\u00edvel no CEA para implementar Linhas de Investiga\u00e7\u00e3o da UEM que contribuam para o equacionamento dos principais problemas e dilemas relativos \u00e0 compreens\u00e3o, interpreta\u00e7\u00e3o e provis\u00e3o de conhecimento baseado na investiga\u00e7\u00e3o cient\u00edfica de qualidade. A agenda de Investiga\u00e7\u00e3o do CEA \u00e9 multidisciplinar e atenta \u00e0 din\u00e2mica n\u00e3o apenas da sociedade mo\u00e7ambicana, mas tamb\u00e9m do contexto regional e mundial, abarrancando as seguintes linhas de investiga\u00e7\u00e3o:<\/p><ul><li><span style=\"color: #033f27\"><strong><a style=\"color: #033f27\" href=\"https:\/\/cea.ghost.uem.mz\/meio-ambiente-territorio-saude-e-populacao\/\">Meio ambiente, Territ\u00f3rio, Sa\u00fade e Popula\u00e7\u00e3o<\/a><\/strong><\/span><\/li><li><span style=\"color: #033f27\"><strong><a style=\"color: #033f27\" href=\"https:\/\/cea.ghost.uem.mz\/governacao-e-cidadania\/\">Governa\u00e7\u00e3o e Cidadania<\/a><\/strong><\/span><\/li><li><span style=\"color: #033f27\"><strong><a style=\"color: #033f27\" href=\"https:\/\/cea.ghost.uem.mz\/linguagem-e-comunicacao\/\">Linguagem e Comunica\u00e7\u00e3o<\/a><\/strong><\/span><\/li><li><span style=\"color: #033f27\"><strong><a style=\"color: #033f27\" href=\"https:\/\/cea.ghost.uem.mz\/identidades-globalizacao-memoria-e-historia\/\">Identidades, Globaliza\u00e7\u00e3o, Mem\u00f3ria e Hist\u00f3ria<\/a><\/strong><\/span><\/li><\/ul>\t\t\t\t\t\t\t\t<\/div>\n\t\t\t\t\t<\/div>\n\t\t\t\t<\/div>\n\t\t<div class=\"elementor-element elementor-element-b2ab8c5 e-flex e-con-boxed wpr-particle-no wpr-jarallax-no wpr-parallax-no wpr-sticky-section-no e-con e-parent\" data-id=\"b2ab8c5\" data-element_type=\"container\">\n\t\t\t\t\t<div class=\"e-con-inner\">\n\t\t\t\t<div class=\"elementor-element elementor-element-9a3e1a9 elementor-widget elementor-widget-spacer\" data-id=\"9a3e1a9\" data-element_type=\"widget\" data-widget_type=\"spacer.default\">\n\t\t\t\t\t\t\t<div class=\"elementor-spacer\">\n\t\t\t<div class=\"elementor-spacer-inner\"><\/div>\n\t\t<\/div>\n\t\t\t\t\t\t<\/div>\n\t\t\t\t\t<\/div>\n\t\t\t\t<\/div>\n\t\t\t\t<\/div>\n\t\t","protected":false},"excerpt":{"rendered":"<p>Linhas de Investiga\u00e7\u00e3o A agenda de investiga\u00e7\u00e3o do CEA para o presente dec\u00e9nio est\u00e1 em conson\u00e2ncia com o Plano Estrat\u00e9gico da UEM e capitaliza do capital humano e institucional dispon\u00edvel no CEA para implementar Linhas de Investiga\u00e7\u00e3o da UEM que contribuam para o equacionamento dos principais problemas e dilemas relativos \u00e0 compreens\u00e3o, interpreta\u00e7\u00e3o e provis\u00e3o de conhecimento baseado na investiga\u00e7\u00e3o cient\u00edfica de qualidade. A agenda de Investiga\u00e7\u00e3o do CEA \u00e9 multidisciplinar e atenta \u00e0 din\u00e2mica n\u00e3o apenas da sociedade mo\u00e7ambicana, mas tamb\u00e9m do contexto regional e mundial, abarrancando as seguintes linhas de investiga\u00e7\u00e3o: Meio ambiente, Territ\u00f3rio, Sa\u00fade e Popula\u00e7\u00e3o Governa\u00e7\u00e3o e Cidadania Linguagem e Comunica\u00e7\u00e3o Identidades, Globaliza\u00e7\u00e3o, Mem\u00f3ria e Hist\u00f3ria<\/p>\n","protected":false},"author":1,"featured_media":0,"parent":0,"menu_order":0,"comment_status":"closed","ping_status":"closed","template":"","meta":{"site-sidebar-layout":"no-sidebar","site-content-layout":"","ast-site-content-layout":"full-width-container","site-content-style":"default","site-sidebar-style":"default","ast-global-header-display":"","ast-banner-title-visibility":"","ast-main-header-display":"","ast-hfb-above-header-display":"","ast-hfb-below-header-display":"","ast-hfb-mobile-header-display":"","site-post-title":"disabled","ast-breadcrumbs-content":"","ast-featured-img":"disabled","footer-sml-layout":"","theme-transparent-header-meta":"","adv-header-id-meta":"","stick-header-meta":"","header-above-stick-meta":"","header-main-stick-meta":"","header-below-stick-meta":"","astra-migrate-meta-layouts":"default","ast-page-background-enabled":"default","ast-page-background-meta":{"desktop":{"background-color":"var(--ast-global-color-5)","background-image":"","background-repeat":"repeat","background-position":"center center","background-size":"auto","background-attachment":"scroll","background-type":"","background-media":"","overlay-type":"","overlay-color":"","overlay-opacity":"","overlay-gradient":""},"tablet":{"background-color":"","background-image":"","background-repeat":"repeat","background-position":"center center","background-size":"auto","background-attachment":"scroll","background-type":"","background-media":"","overlay-type":"","overlay-color":"","overlay-opacity":"","overlay-gradient":""},"mobile":{"background-color":"","background-image":"","background-repeat":"repeat","background-position":"center center","background-size":"auto","background-attachment":"scroll","background-type":"","background-media":"","overlay-type":"","overlay-color":"","overlay-opacity":"","overlay-gradient":""}},"ast-content-background-meta":{"desktop":{"background-color":"var(--ast-global-color-4)","background-image":"","background-repeat":"repeat","background-position":"center center","background-size":"auto","background-attachment":"scroll","background-type":"","background-media":"","overlay-type":"","overlay-color":"","overlay-opacity":"","overlay-gradient":""},"tablet":{"background-color":"var(--ast-global-color-4)","background-image":"","background-repeat":"repeat","background-position":"center center","background-size":"auto","background-attachment":"scroll","background-type":"","background-media":"","overlay-type":"","overlay-color":"","overlay-opacity":"","overlay-gradient":""},"mobile":{"background-color":"var(--ast-global-color-4)","background-image":"","background-repeat":"repeat","background-position":"center center","background-size":"auto","background-attachment":"scroll","background-type":"","background-media":"","overlay-type":"","overlay-color":"","overlay-opacity":"","overlay-gradient":""}},"footnotes":""},"class_list":["post-67","page","type-page","status-publish","hentry"],"_links":{"self":[{"href":"https:\/\/cea.uem.mz\/index.php\/wp-json\/wp\/v2\/pages\/67","targetHints":{"allow":["GET"]}}],"collection":[{"href":"https:\/\/cea.uem.mz\/index.php\/wp-json\/wp\/v2\/pages"}],"about":[{"href":"https:\/\/cea.uem.mz\/index.php\/wp-json\/wp\/v2\/types\/page"}],"author":[{"embeddable":true,"href":"https:\/\/cea.uem.mz\/index.php\/wp-json\/wp\/v2\/users\/1"}],"replies":[{"embeddable":true,"href":"https:\/\/cea.uem.mz\/index.php\/wp-json\/wp\/v2\/comments?post=67"}],"version-history":[{"count":0,"href":"https:\/\/cea.uem.mz\/index.php\/wp-json\/wp\/v2\/pages\/67\/revisions"}],"wp:attachment":[{"href":"https:\/\/cea.uem.mz\/index.php\/wp-json\/wp\/v2\/media?parent=67"}],"curies":[{"name":"wp","href":"https:\/\/api.w.org\/{rel}","templated":true}]}}