{"id":69,"date":"2024-10-22T12:46:06","date_gmt":"2024-10-22T12:46:06","guid":{"rendered":"https:\/\/cea.ghost.uem.mz\/?page_id=69"},"modified":"2024-10-22T12:46:06","modified_gmt":"2024-10-22T12:46:06","slug":"cursos-de-curta-duracao","status":"publish","type":"page","link":"https:\/\/cea.uem.mz\/index.php\/cursos-de-curta-duracao\/","title":{"rendered":"Cursos de curta dura\u00e7\u00e3o"},"content":{"rendered":"\t\t<div data-elementor-type=\"wp-page\" data-elementor-id=\"69\" class=\"elementor elementor-69\">\n\t\t\t\t<div class=\"elementor-element elementor-element-0079e80 e-flex e-con-boxed wpr-particle-no wpr-jarallax-no wpr-parallax-no wpr-sticky-section-no e-con e-parent\" data-id=\"0079e80\" data-element_type=\"container\">\n\t\t\t\t\t<div class=\"e-con-inner\">\n\t\t\t\t<div class=\"elementor-element elementor-element-38400cf elementor-widget elementor-widget-spacer\" data-id=\"38400cf\" data-element_type=\"widget\" data-widget_type=\"spacer.default\">\n\t\t\t\t\t\t\t<div class=\"elementor-spacer\">\n\t\t\t<div class=\"elementor-spacer-inner\"><\/div>\n\t\t<\/div>\n\t\t\t\t\t\t<\/div>\n\t\t\t\t\t<\/div>\n\t\t\t\t<\/div>\n\t\t<div class=\"elementor-element elementor-element-8c5d582 e-flex e-con-boxed wpr-particle-no wpr-jarallax-no wpr-parallax-no wpr-sticky-section-no e-con e-parent\" data-id=\"8c5d582\" data-element_type=\"container\">\n\t\t\t\t\t<div class=\"e-con-inner\">\n\t\t\t\t<div class=\"elementor-element elementor-element-a36a291 elementor-widget elementor-widget-heading\" data-id=\"a36a291\" data-element_type=\"widget\" data-widget_type=\"heading.default\">\n\t\t\t\t\t<h2 class=\"elementor-heading-title elementor-size-default\">Cursos de curta dura\u00e7\u00e3o<\/h2>\t\t\t\t<\/div>\n\t\t\t\t\t<\/div>\n\t\t\t\t<\/div>\n\t\t<div class=\"elementor-element elementor-element-becce56 e-flex e-con-boxed wpr-particle-no wpr-jarallax-no wpr-parallax-no wpr-sticky-section-no e-con e-parent\" data-id=\"becce56\" data-element_type=\"container\">\n\t\t\t\t\t<div class=\"e-con-inner\">\n\t\t\t\t<div class=\"elementor-element elementor-element-51fd128 elementor-widget elementor-widget-heading\" data-id=\"51fd128\" data-element_type=\"widget\" data-widget_type=\"heading.default\">\n\t\t\t\t\t<h4 class=\"elementor-heading-title elementor-size-default\">Cursos de metodologias de investiga\u00e7\u00e3o em Ci\u00eancias Sociais e Humanos<\/h4>\t\t\t\t<\/div>\n\t\t\t\t<div class=\"elementor-element elementor-element-56aee8c elementor-widget elementor-widget-text-editor\" data-id=\"56aee8c\" data-element_type=\"widget\" data-widget_type=\"text-editor.default\">\n\t\t\t\t\t\t\t\t\t<p>O CEA oferece, regularmente, cursos de metodologias de investiga\u00e7\u00e3o em Ci\u00eancias Sociais e Humanas destinados a estudantes, investigadores e demais interessados. O objectivo dos cursos consiste em assegurar que os participantes apropriem-se dos fundamentos epistemol\u00f3gicos e das ferramentas necess\u00e1rias para a concep\u00e7\u00e3o, o desenho e a implementa\u00e7\u00e3o de projectos de investiga\u00e7\u00e3o. Os cursos t\u00eam uma componente pr\u00e1tica e s\u00e3o organizados com refer\u00eancia a temas relevantes e de interesse nacional, regional ou continental. No contexto das actividades de cada sess\u00e3o s\u00e3o definidos exerc\u00edcios pr\u00e1ticos espec\u00edficos e outras actividades consideradas relevantes de modo a garantir que os participantes adquiram compet\u00eancias pr\u00e1ticas e te\u00f3ricas sobre a investiga\u00e7\u00e3o social.<\/p>\t\t\t\t\t\t\t\t<\/div>\n\t\t\t\t\t<\/div>\n\t\t\t\t<\/div>\n\t\t<div class=\"elementor-element elementor-element-dbad658 e-flex e-con-boxed wpr-particle-no wpr-jarallax-no wpr-parallax-no wpr-sticky-section-no e-con e-parent\" data-id=\"dbad658\" data-element_type=\"container\">\n\t\t\t\t\t<div class=\"e-con-inner\">\n\t\t\t\t<div class=\"elementor-element elementor-element-e767434 elementor-widget elementor-widget-text-editor\" data-id=\"e767434\" data-element_type=\"widget\" data-widget_type=\"text-editor.default\">\n\t\t\t\t\t\t\t\t\t<table class=\"table table-hover table-bordered\"><thead><tr class=\"success\"><th style=\"text-align: left\"><strong>Bolsas de Estudos, encontre os Editais nos links abaixo:<\/strong><\/th><\/tr><\/thead><tbody><tr><td><span style=\"color: #033f27\"><a style=\"color: #033f27\" href=\"http:\/\/cea.ghost.uem.mz\/wp-content\/uploads\/sites\/22\/2024\/10\/1.pdf\" target=\"_blank\" rel=\"noopener\">BOLSA DE ESTUDOS PARA DOUTORAMENTO EM ANTROPOLOGIA CULTURA<\/a><\/span><\/td><\/tr><tr><td><span style=\"color: #033f27\"><a style=\"color: #033f27\" href=\"http:\/\/cea.ghost.uem.mz\/wp-content\/uploads\/sites\/22\/2024\/10\/3.pdf\" target=\"_blank\" rel=\"noopener\">BOLSA DE ESTUDOS PARA DOUTORAMENTO EM MUDANCAS CLIM\u00c1TICAS E DIN\u00c2MICAS DA POPULACA\u0303O<\/a><\/span><\/td><\/tr><tr><td><span style=\"color: #033f27\"><a style=\"color: #033f27\" href=\"https:\/\/cea.uem.mz\/images\/editais\/bolsas_estudos\/3.pdf\" target=\"_blank\" rel=\"noopener\">BOLSA DE ESTUDOS PARA DOUTORAMENTO EM SAU\u0301DE SEXUAL E REPRODUTIVA<\/a><\/span><\/td><\/tr><tr><td><span style=\"color: #033f27\"><a style=\"color: #033f27\" href=\"http:\/\/cea.ghost.uem.mz\/wp-content\/uploads\/sites\/22\/2024\/10\/FORMULARIO_PARA_INSCRICAOES_2018.pdf\" target=\"_blank\" rel=\"noopener\">Ficha de Inscri\u00e7\u00e3o<\/a><\/span><\/td><\/tr><\/tbody><\/table>\t\t\t\t\t\t\t\t<\/div>\n\t\t\t\t\t<\/div>\n\t\t\t\t<\/div>\n\t\t<div class=\"elementor-element elementor-element-e3f81a4 e-flex e-con-boxed wpr-particle-no wpr-jarallax-no wpr-parallax-no wpr-sticky-section-no e-con e-parent\" data-id=\"e3f81a4\" data-element_type=\"container\">\n\t\t\t\t\t<div class=\"e-con-inner\">\n\t\t\t\t<div class=\"elementor-element elementor-element-1d6298b elementor-widget elementor-widget-spacer\" data-id=\"1d6298b\" data-element_type=\"widget\" data-widget_type=\"spacer.default\">\n\t\t\t\t\t\t\t<div class=\"elementor-spacer\">\n\t\t\t<div class=\"elementor-spacer-inner\"><\/div>\n\t\t<\/div>\n\t\t\t\t\t\t<\/div>\n\t\t\t\t\t<\/div>\n\t\t\t\t<\/div>\n\t\t\t\t<\/div>\n\t\t","protected":false},"excerpt":{"rendered":"<p>Cursos de curta dura\u00e7\u00e3o Cursos de metodologias de investiga\u00e7\u00e3o em Ci\u00eancias Sociais e Humanos O CEA oferece, regularmente, cursos de metodologias de investiga\u00e7\u00e3o em Ci\u00eancias Sociais e Humanas destinados a estudantes, investigadores e demais interessados. O objectivo dos cursos consiste em assegurar que os participantes apropriem-se dos fundamentos epistemol\u00f3gicos e das ferramentas necess\u00e1rias para a concep\u00e7\u00e3o, o desenho e a implementa\u00e7\u00e3o de projectos de investiga\u00e7\u00e3o. Os cursos t\u00eam uma componente pr\u00e1tica e s\u00e3o organizados com refer\u00eancia a temas relevantes e de interesse nacional, regional ou continental. No contexto das actividades de cada sess\u00e3o s\u00e3o definidos exerc\u00edcios pr\u00e1ticos espec\u00edficos e outras actividades consideradas relevantes de modo a garantir que os participantes adquiram compet\u00eancias pr\u00e1ticas e te\u00f3ricas sobre a investiga\u00e7\u00e3o social. Bolsas de Estudos, encontre os Editais nos links abaixo: BOLSA DE ESTUDOS PARA DOUTORAMENTO EM ANTROPOLOGIA CULTURA BOLSA DE ESTUDOS PARA DOUTORAMENTO EM MUDANCAS CLIM\u00c1TICAS E DIN\u00c2MICAS DA POPULACA\u0303O BOLSA DE ESTUDOS PARA DOUTORAMENTO EM SAU\u0301DE SEXUAL E REPRODUTIVA Ficha de Inscri\u00e7\u00e3o<\/p>\n","protected":false},"author":1,"featured_media":0,"parent":0,"menu_order":0,"comment_status":"closed","ping_status":"closed","template":"","meta":{"site-sidebar-layout":"no-sidebar","site-content-layout":"","ast-site-content-layout":"full-width-container","site-content-style":"default","site-sidebar-style":"default","ast-global-header-display":"","ast-banner-title-visibility":"","ast-main-header-display":"","ast-hfb-above-header-display":"","ast-hfb-below-header-display":"","ast-hfb-mobile-header-display":"","site-post-title":"disabled","ast-breadcrumbs-content":"","ast-featured-img":"disabled","footer-sml-layout":"","theme-transparent-header-meta":"","adv-header-id-meta":"","stick-header-meta":"","header-above-stick-meta":"","header-main-stick-meta":"","header-below-stick-meta":"","astra-migrate-meta-layouts":"default","ast-page-background-enabled":"default","ast-page-background-meta":{"desktop":{"background-color":"var(--ast-global-color-5)","background-image":"","background-repeat":"repeat","background-position":"center center","background-size":"auto","background-attachment":"scroll","background-type":"","background-media":"","overlay-type":"","overlay-color":"","overlay-opacity":"","overlay-gradient":""},"tablet":{"background-color":"","background-image":"","background-repeat":"repeat","background-position":"center center","background-size":"auto","background-attachment":"scroll","background-type":"","background-media":"","overlay-type":"","overlay-color":"","overlay-opacity":"","overlay-gradient":""},"mobile":{"background-color":"","background-image":"","background-repeat":"repeat","background-position":"center center","background-size":"auto","background-attachment":"scroll","background-type":"","background-media":"","overlay-type":"","overlay-color":"","overlay-opacity":"","overlay-gradient":""}},"ast-content-background-meta":{"desktop":{"background-color":"var(--ast-global-color-4)","background-image":"","background-repeat":"repeat","background-position":"center center","background-size":"auto","background-attachment":"scroll","background-type":"","background-media":"","overlay-type":"","overlay-color":"","overlay-opacity":"","overlay-gradient":""},"tablet":{"background-color":"var(--ast-global-color-4)","background-image":"","background-repeat":"repeat","background-position":"center center","background-size":"auto","background-attachment":"scroll","background-type":"","background-media":"","overlay-type":"","overlay-color":"","overlay-opacity":"","overlay-gradient":""},"mobile":{"background-color":"var(--ast-global-color-4)","background-image":"","background-repeat":"repeat","background-position":"center center","background-size":"auto","background-attachment":"scroll","background-type":"","background-media":"","overlay-type":"","overlay-color":"","overlay-opacity":"","overlay-gradient":""}},"footnotes":""},"class_list":["post-69","page","type-page","status-publish","hentry"],"_links":{"self":[{"href":"https:\/\/cea.uem.mz\/index.php\/wp-json\/wp\/v2\/pages\/69","targetHints":{"allow":["GET"]}}],"collection":[{"href":"https:\/\/cea.uem.mz\/index.php\/wp-json\/wp\/v2\/pages"}],"about":[{"href":"https:\/\/cea.uem.mz\/index.php\/wp-json\/wp\/v2\/types\/page"}],"author":[{"embeddable":true,"href":"https:\/\/cea.uem.mz\/index.php\/wp-json\/wp\/v2\/users\/1"}],"replies":[{"embeddable":true,"href":"https:\/\/cea.uem.mz\/index.php\/wp-json\/wp\/v2\/comments?post=69"}],"version-history":[{"count":0,"href":"https:\/\/cea.uem.mz\/index.php\/wp-json\/wp\/v2\/pages\/69\/revisions"}],"wp:attachment":[{"href":"https:\/\/cea.uem.mz\/index.php\/wp-json\/wp\/v2\/media?parent=69"}],"curies":[{"name":"wp","href":"https:\/\/api.w.org\/{rel}","templated":true}]}}