{"id":781,"date":"2024-11-02T18:28:21","date_gmt":"2024-11-02T18:28:21","guid":{"rendered":"https:\/\/cea.ghost.uem.mz\/?page_id=781"},"modified":"2024-11-02T18:28:21","modified_gmt":"2024-11-02T18:28:21","slug":"corpo-tecnico-administrativo-team-15","status":"publish","type":"page","link":"https:\/\/cea.uem.mz\/index.php\/corpo-tecnico-administrativo-team-15\/","title":{"rendered":"corpo tecnico administrativo"},"content":{"rendered":"\t\t<div data-elementor-type=\"wp-page\" data-elementor-id=\"781\" class=\"elementor elementor-781\">\n\t\t\t\t<div class=\"elementor-element elementor-element-42e5a9f e-flex e-con-boxed wpr-particle-no wpr-jarallax-no wpr-parallax-no wpr-sticky-section-no e-con e-parent\" data-id=\"42e5a9f\" data-element_type=\"container\">\n\t\t\t\t\t<div class=\"e-con-inner\">\n\t\t\t\t<div class=\"elementor-element elementor-element-9265f65 elementor-widget elementor-widget-spacer\" data-id=\"9265f65\" data-element_type=\"widget\" data-widget_type=\"spacer.default\">\n\t\t\t\t\t\t\t<div class=\"elementor-spacer\">\n\t\t\t<div class=\"elementor-spacer-inner\"><\/div>\n\t\t<\/div>\n\t\t\t\t\t\t<\/div>\n\t\t\t\t\t<\/div>\n\t\t\t\t<\/div>\n\t\t<div class=\"elementor-element elementor-element-dc1b4de e-flex e-con-boxed wpr-particle-no wpr-jarallax-no wpr-parallax-no wpr-sticky-section-no e-con e-parent\" data-id=\"dc1b4de\" data-element_type=\"container\">\n\t\t\t\t\t<div class=\"e-con-inner\">\n\t\t<div class=\"elementor-element elementor-element-5bb6d87 e-con-full e-flex wpr-particle-no wpr-jarallax-no wpr-parallax-no wpr-sticky-section-no e-con e-child\" data-id=\"5bb6d87\" data-element_type=\"container\">\n\t\t\t\t<div class=\"elementor-element elementor-element-dad950b elementor-widget elementor-widget-image\" data-id=\"dad950b\" data-element_type=\"widget\" data-widget_type=\"image.default\">\n\t\t\t\t\t\t\t\t\t\t\t\t\t\t\t<img fetchpriority=\"high\" decoding=\"async\" width=\"200\" height=\"271\" src=\"https:\/\/cea.uem.mz\/wp-content\/uploads\/2024\/10\/m_Carlos-Fernandes1694689578.jpg\" class=\"attachment-large size-large wp-image-229\" alt=\"\" \/>\t\t\t\t\t\t\t\t\t\t\t\t\t\t\t<\/div>\n\t\t\t\t<\/div>\n\t\t<div class=\"elementor-element elementor-element-fc1c3cf e-con-full e-flex wpr-particle-no wpr-jarallax-no wpr-parallax-no wpr-sticky-section-no e-con e-child\" data-id=\"fc1c3cf\" data-element_type=\"container\">\n\t\t\t\t<div class=\"elementor-element elementor-element-ff180db elementor-widget elementor-widget-heading\" data-id=\"ff180db\" data-element_type=\"widget\" data-widget_type=\"heading.default\">\n\t\t\t\t\t<h2 class=\"elementor-heading-title elementor-size-default\">Carlos Fernandes\n<\/h2>\t\t\t\t<\/div>\n\t\t\t\t<div class=\"elementor-element elementor-element-3fd68a7 elementor-icon-list--layout-traditional elementor-list-item-link-full_width elementor-widget elementor-widget-icon-list\" data-id=\"3fd68a7\" data-element_type=\"widget\" data-widget_type=\"icon-list.default\">\n\t\t\t\t\t\t\t<ul class=\"elementor-icon-list-items\">\n\t\t\t\t\t\t\t<li class=\"elementor-icon-list-item\">\n\t\t\t\t\t\t\t\t\t\t<span class=\"elementor-icon-list-text\">Investigador Cient\u00edfico-Investigador Assistente<\/span>\n\t\t\t\t\t\t\t\t\t<\/li>\n\t\t\t\t\t\t\t\t<li class=\"elementor-icon-list-item\">\n\t\t\t\t\t\t\t\t\t\t\t<span class=\"elementor-icon-list-icon\">\n\t\t\t\t\t\t\t<i aria-hidden=\"true\" class=\"icon icon-envelope\"><\/i>\t\t\t\t\t\t<\/span>\n\t\t\t\t\t\t\t\t\t\t<span class=\"elementor-icon-list-text\">kulunguane@gmail.com<\/span>\n\t\t\t\t\t\t\t\t\t<\/li>\n\t\t\t\t\t\t<\/ul>\n\t\t\t\t\t\t<\/div>\n\t\t\t\t<div class=\"elementor-element elementor-element-675775e elementor-widget__width-initial elementor-widget elementor-widget-text-editor\" data-id=\"675775e\" data-element_type=\"widget\" data-widget_type=\"text-editor.default\">\n\t\t\t\t\t\t\t\t\t<p>Carlos Fernandes, Investigador Assistente e Director-Adjunto para investiga\u00e7\u00e3o e extens\u00e3o do CEA-UEM. \u00c9 doutorado em Estudos Africanos pela Universidade Federal da Bahia, Brasil. Foi p\u00f3s-doutorado na Universidade do Cabo Ocidental (2012-2013), na Universidade de Fort Hare (2013-2014) ambas na \u00c1frica do Sul, e na Universidade da Basileia na Su\u00ed\u00e7a (2014-2015). Tem artigos publicados na\u00a0<em>Identity &amp;Culture, Kronos, Journal of Southern African Studies, Afro-Asia, Social Dynamics, American Historical Review e Journal of African History<\/em>. Os seus interesses de pesquisa situam-se na \u00e1rea da sociologia do conhecimento, hist\u00f3ria intelectual e condi\u00e7\u00f5es sociais da produ\u00e7\u00e3o do conhecimento em \u00c1frica (com especial destaque para Mo\u00e7ambique).<\/p>\t\t\t\t\t\t\t\t<\/div>\n\t\t\t\t<\/div>\n\t\t\t\t\t<\/div>\n\t\t\t\t<\/div>\n\t\t<div class=\"elementor-element elementor-element-fd068b8 e-flex e-con-boxed wpr-particle-no wpr-jarallax-no wpr-parallax-no wpr-sticky-section-no e-con e-parent\" data-id=\"fd068b8\" data-element_type=\"container\">\n\t\t\t\t\t<div class=\"e-con-inner\">\n\t\t\t\t<div class=\"elementor-element elementor-element-377c623 elementor-widget elementor-widget-heading\" data-id=\"377c623\" data-element_type=\"widget\" data-widget_type=\"heading.default\">\n\t\t\t\t\t<h2 class=\"elementor-heading-title elementor-size-default\">Livros publicados\n<\/h2>\t\t\t\t<\/div>\n\t\t\t\t<div class=\"elementor-element elementor-element-39347fe elementor-widget elementor-widget-text-editor\" data-id=\"39347fe\" data-element_type=\"widget\" data-widget_type=\"text-editor.default\">\n\t\t\t\t\t\t\t\t\t<div class=\"bibliography\"><div><strong>2011:<\/strong> Fernandes, Carlos. <em>A Quest\u00e3o Rodesiana: Actualidade, Urg\u00eancia e Trabalho colectivo: O caso do Centro de Estudos Africanos da Universidade Eduardo Mondlane<\/em>, in <em>Como Fazer as Ci\u00eancias Sociais em \u00c1frica<\/em>, (Orgs.): Teresa Cruz e Silva, Jo\u00e3o Paulo Borges e Am\u00e9lia Souto. CODESRIA, Dakar, pp. 109-124.<\/div><\/div><p><style>\n    .bibliography {<br \/>\n        line-height: 1.9; \/* Ajusta o espa\u00e7amento entre as linhas *\/<br \/>\n        margin-left: 20px; \/* Define uma margem para a lista *\/<br \/>\n    }<\/p>\n<p>    .bibliography div {<br \/>\n        margin-bottom: 5px; \/* Reduz o espa\u00e7amento entre os itens *\/<br \/>\n    }<\/p>\n<p>    .bibliography strong {<br \/>\n        margin-right: 5px; \/* Ajusta a separa\u00e7\u00e3o entre o ano e o t\u00edtulo *\/<br \/>\n    }<br \/>\n<\/style><\/p>\t\t\t\t\t\t\t\t<\/div>\n\t\t\t\t\t<\/div>\n\t\t\t\t<\/div>\n\t\t<div class=\"elementor-element elementor-element-47fa1ec e-flex e-con-boxed wpr-particle-no wpr-jarallax-no wpr-parallax-no wpr-sticky-section-no e-con e-parent\" data-id=\"47fa1ec\" data-element_type=\"container\">\n\t\t\t\t\t<div class=\"e-con-inner\">\n\t\t\t\t<div class=\"elementor-element elementor-element-88d6b76 elementor-widget elementor-widget-heading\" data-id=\"88d6b76\" data-element_type=\"widget\" data-widget_type=\"heading.default\">\n\t\t\t\t\t<h2 class=\"elementor-heading-title elementor-size-default\">Artigos em Revistas de Revis\u00e3o de Pares<\/h2>\t\t\t\t<\/div>\n\t\t\t\t<div class=\"elementor-element elementor-element-9bf2e1e elementor-widget elementor-widget-text-editor\" data-id=\"9bf2e1e\" data-element_type=\"widget\" data-widget_type=\"text-editor.default\">\n\t\t\t\t\t\t\t\t\t<div class=\"bibliography\"><div><strong>2016:<\/strong> Pillay, Suren &amp; Fernandes, Carlos. <em>Transmission, obligation and movement: an interview with Souleymane Bachir Diagne<\/em>. Social Dynamics, Vol.42, n.3, pp. 542-554.<\/div><div><strong>2015:<\/strong> Fernandes, Carlos. <em>Regional and Local Dynamics in the shaping of the Centre for African Studies in Maputo, 1976-1986<\/em>. Journal of Southern African Studies, vol.41,3, pp. 581-597.<\/div><div><strong>2013b:<\/strong> Fernandes, Carlos. <em>The Politics of History Writing and State Legitimization in Postcolonial Mozambique: The case of the Centre for African Studies, History Workshop (1980-1986)<\/em>. Kronos, 39, UWC, November, pp. 131-157.<\/div><div><strong>2013a:<\/strong> Fernandes, Carlos. <em>Intelectuais Org\u00e2nicos e Legitima\u00e7\u00e3o do Estado no Mo\u00e7ambique p\u00f3s-independente: o caso do Centro de Estudos Africanos (1975-1985)<\/em>. Afro-\u00c1sia n.48, Julho, Salvador, Brazil, pp. 11-44.<\/div><\/div><p><style>\n    .bibliography {<br \/>\n        line-height: 1.9; \/* Ajusta o espa\u00e7amento entre as linhas *\/<br \/>\n        margin-left: 20px; \/* Define uma margem para a lista *\/<br \/>\n    }<\/p>\n<p>    .bibliography div {<br \/>\n        margin-bottom: 5px; \/* Reduz o espa\u00e7amento entre os itens *\/<br \/>\n    }<\/p>\n<p>    .bibliography strong {<br \/>\n        margin-right: 5px; \/* Ajusta a separa\u00e7\u00e3o entre o ano e o t\u00edtulo *\/<br \/>\n    }<br \/>\n<\/style><\/p>\t\t\t\t\t\t\t\t<\/div>\n\t\t\t\t\t<\/div>\n\t\t\t\t<\/div>\n\t\t<div class=\"elementor-element elementor-element-49364c1 e-flex e-con-boxed wpr-particle-no wpr-jarallax-no wpr-parallax-no wpr-sticky-section-no e-con e-parent\" data-id=\"49364c1\" data-element_type=\"container\">\n\t\t\t\t\t<div class=\"e-con-inner\">\n\t\t\t\t<div class=\"elementor-element elementor-element-8458bd9 elementor-widget elementor-widget-spacer\" data-id=\"8458bd9\" data-element_type=\"widget\" data-widget_type=\"spacer.default\">\n\t\t\t\t\t\t\t<div class=\"elementor-spacer\">\n\t\t\t<div class=\"elementor-spacer-inner\"><\/div>\n\t\t<\/div>\n\t\t\t\t\t\t<\/div>\n\t\t\t\t\t<\/div>\n\t\t\t\t<\/div>\n\t\t\t\t<\/div>\n\t\t","protected":false},"excerpt":{"rendered":"<p>Carlos Fernandes Investigador Cient\u00edfico-Investigador Assistente kulunguane@gmail.com Carlos Fernandes, Investigador Assistente e Director-Adjunto para investiga\u00e7\u00e3o e extens\u00e3o do CEA-UEM. \u00c9 doutorado em Estudos Africanos pela Universidade Federal da Bahia, Brasil. Foi p\u00f3s-doutorado na Universidade do Cabo Ocidental (2012-2013), na Universidade de Fort Hare (2013-2014) ambas na \u00c1frica do Sul, e na Universidade da Basileia na Su\u00ed\u00e7a (2014-2015). Tem artigos publicados na\u00a0Identity &amp;Culture, Kronos, Journal of Southern African Studies, Afro-Asia, Social Dynamics, American Historical Review e Journal of African History. Os seus interesses de pesquisa situam-se na \u00e1rea da sociologia do conhecimento, hist\u00f3ria intelectual e condi\u00e7\u00f5es sociais da produ\u00e7\u00e3o do conhecimento em \u00c1frica (com especial destaque para Mo\u00e7ambique). Livros publicados 2011: Fernandes, Carlos. A Quest\u00e3o Rodesiana: Actualidade, Urg\u00eancia e Trabalho colectivo: O caso do Centro de Estudos Africanos da Universidade Eduardo Mondlane, in Como Fazer as Ci\u00eancias Sociais em \u00c1frica, (Orgs.): Teresa Cruz e Silva, Jo\u00e3o Paulo Borges e Am\u00e9lia Souto. CODESRIA, Dakar, pp. 109-124. Artigos em Revistas de Revis\u00e3o de Pares 2016: Pillay, Suren &amp; Fernandes, Carlos. Transmission, obligation and movement: an interview with Souleymane Bachir Diagne. Social Dynamics, Vol.42, n.3, pp. 542-554.2015: Fernandes, Carlos. Regional and Local Dynamics in the shaping of the Centre for African Studies in Maputo, 1976-1986. Journal of Southern African Studies, vol.41,3, pp. 581-597.2013b: Fernandes, Carlos. The Politics of History Writing and State Legitimization in Postcolonial Mozambique: The case of the Centre for African Studies, History Workshop (1980-1986). Kronos, 39, UWC, November, pp. 131-157.2013a: Fernandes, Carlos. Intelectuais Org\u00e2nicos e Legitima\u00e7\u00e3o do Estado no Mo\u00e7ambique p\u00f3s-independente: o caso do Centro de Estudos Africanos (1975-1985). Afro-\u00c1sia n.48, Julho, Salvador, Brazil, pp. 11-44.<\/p>\n","protected":false},"author":1,"featured_media":0,"parent":0,"menu_order":0,"comment_status":"closed","ping_status":"closed","template":"","meta":{"site-sidebar-layout":"no-sidebar","site-content-layout":"","ast-site-content-layout":"full-width-container","site-content-style":"default","site-sidebar-style":"default","ast-global-header-display":"","ast-banner-title-visibility":"","ast-main-header-display":"","ast-hfb-above-header-display":"","ast-hfb-below-header-display":"","ast-hfb-mobile-header-display":"","site-post-title":"disabled","ast-breadcrumbs-content":"","ast-featured-img":"disabled","footer-sml-layout":"","theme-transparent-header-meta":"default","adv-header-id-meta":"","stick-header-meta":"","header-above-stick-meta":"","header-main-stick-meta":"","header-below-stick-meta":"","astra-migrate-meta-layouts":"set","ast-page-background-enabled":"default","ast-page-background-meta":{"desktop":{"background-color":"var(--ast-global-color-5)","background-image":"","background-repeat":"repeat","background-position":"center center","background-size":"auto","background-attachment":"scroll","background-type":"","background-media":"","overlay-type":"","overlay-color":"","overlay-opacity":"","overlay-gradient":""},"tablet":{"background-color":"","background-image":"","background-repeat":"repeat","background-position":"center center","background-size":"auto","background-attachment":"scroll","background-type":"","background-media":"","overlay-type":"","overlay-color":"","overlay-opacity":"","overlay-gradient":""},"mobile":{"background-color":"","background-image":"","background-repeat":"repeat","background-position":"center center","background-size":"auto","background-attachment":"scroll","background-type":"","background-media":"","overlay-type":"","overlay-color":"","overlay-opacity":"","overlay-gradient":""}},"ast-content-background-meta":{"desktop":{"background-color":"var(--ast-global-color-4)","background-image":"","background-repeat":"repeat","background-position":"center center","background-size":"auto","background-attachment":"scroll","background-type":"","background-media":"","overlay-type":"","overlay-color":"","overlay-opacity":"","overlay-gradient":""},"tablet":{"background-color":"var(--ast-global-color-4)","background-image":"","background-repeat":"repeat","background-position":"center center","background-size":"auto","background-attachment":"scroll","background-type":"","background-media":"","overlay-type":"","overlay-color":"","overlay-opacity":"","overlay-gradient":""},"mobile":{"background-color":"var(--ast-global-color-4)","background-image":"","background-repeat":"repeat","background-position":"center center","background-size":"auto","background-attachment":"scroll","background-type":"","background-media":"","overlay-type":"","overlay-color":"","overlay-opacity":"","overlay-gradient":""}},"footnotes":""},"class_list":["post-781","page","type-page","status-publish","hentry"],"_links":{"self":[{"href":"https:\/\/cea.uem.mz\/index.php\/wp-json\/wp\/v2\/pages\/781","targetHints":{"allow":["GET"]}}],"collection":[{"href":"https:\/\/cea.uem.mz\/index.php\/wp-json\/wp\/v2\/pages"}],"about":[{"href":"https:\/\/cea.uem.mz\/index.php\/wp-json\/wp\/v2\/types\/page"}],"author":[{"embeddable":true,"href":"https:\/\/cea.uem.mz\/index.php\/wp-json\/wp\/v2\/users\/1"}],"replies":[{"embeddable":true,"href":"https:\/\/cea.uem.mz\/index.php\/wp-json\/wp\/v2\/comments?post=781"}],"version-history":[{"count":0,"href":"https:\/\/cea.uem.mz\/index.php\/wp-json\/wp\/v2\/pages\/781\/revisions"}],"wp:attachment":[{"href":"https:\/\/cea.uem.mz\/index.php\/wp-json\/wp\/v2\/media?parent=781"}],"curies":[{"name":"wp","href":"https:\/\/api.w.org\/{rel}","templated":true}]}}